{"id":785,"date":"2015-10-27T01:23:39","date_gmt":"2015-10-27T00:23:39","guid":{"rendered":"http:\/\/wp.kanzlei-wangler.com\/en\/?page_id=785"},"modified":"2015-10-27T01:23:39","modified_gmt":"2015-10-27T00:23:39","slug":"start-up-consulting","status":"publish","type":"page","link":"https:\/\/www.kanzlei-wangler.de\/en\/start-up-consulting\/","title":{"rendered":"Start-Up Consulting"},"content":{"rendered":"<h2>Start-Up Consulting<\/h2>\n<p><span lang=\"en-GB\">If you are planning to start up a company, you have come to the right address &#8211; we will make sure your leap into self-employment is successful. We will provide clarity by assessing the sustainability and viability of your start-up. Also, we will also help you work out a business management concept including such issues as planning, realization, financing, legal form, and insurances, right down to pension schemes.<\/span><\/p>\n<p><b><strong>\u00a0<\/strong><\/b><\/p>\n","protected":false},"excerpt":{"rendered":"Start-Up Consulting If you are planning to start up a company, you have come to the right address &#8211; we will make sure your leap into self-employment is successful. We will provide clarity by assessing the sustainability and viability of your start-up. Also, we will also help you work out a business management concept including&#8230; <a class=\"view-article\" href=\"https:\/\/www.kanzlei-wangler.de\/en\/start-up-consulting\/\">View Article<\/a>","protected":false},"author":1,"featured_media":0,"parent":0,"menu_order":0,"comment_status":"closed","ping_status":"closed","template":"","meta":{"footnotes":""},"yoast_head":"<!-- This site is optimized with the Yoast SEO plugin v19.6.1 - https:\/\/yoast.com\/wordpress\/plugins\/seo\/ -->\n<title>Start-Up Consulting - Kanzlei Wangler | Steuerberater Karlsruhe | Steuerberatung | Buchf\u00fchrung | Wirtschaftspr\u00fcfung | betriebswirtschaftliche Beratung | Buchhaltung | Lohnbuchf\u00fchrung<\/title>\n<meta name=\"robots\" content=\"index, follow, max-snippet:-1, max-image-preview:large, max-video-preview:-1\" \/>\n<link rel=\"canonical\" href=\"https:\/\/www.kanzlei-wangler.de\/en\/start-up-consulting\/\" \/>\n<meta property=\"og:locale\" content=\"en_US\" \/>\n<meta property=\"og:type\" content=\"article\" \/>\n<meta property=\"og:title\" content=\"Start-Up Consulting - Kanzlei Wangler | Steuerberater Karlsruhe | Steuerberatung | Buchf\u00fchrung | Wirtschaftspr\u00fcfung | betriebswirtschaftliche Beratung | Buchhaltung | Lohnbuchf\u00fchrung\" \/>\n<meta property=\"og:description\" content=\"Start-Up Consulting If you are planning to start up a company, you have come to the right address &#8211; we will make sure your leap into self-employment is successful. We will provide clarity by assessing the sustainability and viability of your start-up. Also, we will also help you work out a business management concept including... View Article\" \/>\n<meta property=\"og:url\" content=\"https:\/\/www.kanzlei-wangler.de\/en\/start-up-consulting\/\" \/>\n<meta property=\"og:site_name\" content=\"Kanzlei Wangler | Steuerberater Karlsruhe | Steuerberatung | Buchf\u00fchrung | Wirtschaftspr\u00fcfung | betriebswirtschaftliche Beratung | Buchhaltung | Lohnbuchf\u00fchrung\" \/>\n<meta property=\"article:publisher\" content=\"https:\/\/kanzlei-wangler.de\/page-sitemap.xml\" \/>\n<meta name=\"twitter:card\" content=\"summary\" \/>\n<script type=\"application\/ld+json\" class=\"yoast-schema-graph\">{\"@context\":\"https:\/\/schema.org\",\"@graph\":[{\"@type\":\"WebPage\",\"@id\":\"https:\/\/www.kanzlei-wangler.de\/en\/start-up-consulting\/\",\"url\":\"https:\/\/www.kanzlei-wangler.de\/en\/start-up-consulting\/\",\"name\":\"Start-Up Consulting - Kanzlei Wangler | Steuerberater Karlsruhe | Steuerberatung | Buchf\u00fchrung | Wirtschaftspr\u00fcfung | betriebswirtschaftliche Beratung | Buchhaltung | Lohnbuchf\u00fchrung\",\"isPartOf\":{\"@id\":\"https:\/\/www.kanzlei-wangler.de\/#website\"},\"datePublished\":\"2015-10-27T00:23:39+00:00\",\"dateModified\":\"2015-10-27T00:23:39+00:00\",\"breadcrumb\":{\"@id\":\"https:\/\/www.kanzlei-wangler.de\/en\/start-up-consulting\/#breadcrumb\"},\"inLanguage\":\"en-US\",\"potentialAction\":[{\"@type\":\"ReadAction\",\"target\":[\"https:\/\/www.kanzlei-wangler.de\/en\/start-up-consulting\/\"]}]},{\"@type\":\"BreadcrumbList\",\"@id\":\"https:\/\/www.kanzlei-wangler.de\/en\/start-up-consulting\/#breadcrumb\",\"itemListElement\":[{\"@type\":\"ListItem\",\"position\":1,\"name\":\"Home\",\"item\":\"https:\/\/www.kanzlei-wangler.de\/en\/\"},{\"@type\":\"ListItem\",\"position\":2,\"name\":\"Start-Up Consulting\"}]},{\"@type\":\"WebSite\",\"@id\":\"https:\/\/www.kanzlei-wangler.de\/#website\",\"url\":\"https:\/\/www.kanzlei-wangler.de\/\",\"name\":\"Kanzlei Wangler | Steuerberater Karlsruhe | Steuerberatung | Buchf\u00fchrung | Wirtschaftspr\u00fcfung | betriebswirtschaftliche Beratung | Buchhaltung | Lohnbuchf\u00fchrung\",\"description\":\"Kanzlei Wangler - Ihr Steuerberater in Karlsruhe f\u00fcr Steuerberatung, Buchf\u00fchrung, Wirtschaftspr\u00fcfung, betriebswirtschaftliche Beratung, Buchhaltung und Lohnbuchf\u00fchrung\",\"potentialAction\":[{\"@type\":\"SearchAction\",\"target\":{\"@type\":\"EntryPoint\",\"urlTemplate\":\"https:\/\/www.kanzlei-wangler.de\/?s={search_term_string}\"},\"query-input\":\"required name=search_term_string\"}],\"inLanguage\":\"en-US\"}]}<\/script>\n<!-- \/ Yoast SEO plugin. -->","yoast_head_json":{"title":"Start-Up Consulting - Kanzlei Wangler | Steuerberater Karlsruhe | Steuerberatung | Buchf\u00fchrung | Wirtschaftspr\u00fcfung | betriebswirtschaftliche Beratung | Buchhaltung | Lohnbuchf\u00fchrung","robots":{"index":"index","follow":"follow","max-snippet":"max-snippet:-1","max-image-preview":"max-image-preview:large","max-video-preview":"max-video-preview:-1"},"canonical":"https:\/\/www.kanzlei-wangler.de\/en\/start-up-consulting\/","og_locale":"en_US","og_type":"article","og_title":"Start-Up Consulting - Kanzlei Wangler | Steuerberater Karlsruhe | Steuerberatung | Buchf\u00fchrung | Wirtschaftspr\u00fcfung | betriebswirtschaftliche Beratung | Buchhaltung | Lohnbuchf\u00fchrung","og_description":"Start-Up Consulting If you are planning to start up a company, you have come to the right address &#8211; we will make sure your leap into self-employment is successful. We will provide clarity by assessing the sustainability and viability of your start-up. Also, we will also help you work out a business management concept including... View Article","og_url":"https:\/\/www.kanzlei-wangler.de\/en\/start-up-consulting\/","og_site_name":"Kanzlei Wangler | Steuerberater Karlsruhe | Steuerberatung | Buchf\u00fchrung | Wirtschaftspr\u00fcfung | betriebswirtschaftliche Beratung | Buchhaltung | Lohnbuchf\u00fchrung","article_publisher":"https:\/\/kanzlei-wangler.de\/page-sitemap.xml","twitter_card":"summary","schema":{"@context":"https:\/\/schema.org","@graph":[{"@type":"WebPage","@id":"https:\/\/www.kanzlei-wangler.de\/en\/start-up-consulting\/","url":"https:\/\/www.kanzlei-wangler.de\/en\/start-up-consulting\/","name":"Start-Up Consulting - Kanzlei Wangler | Steuerberater Karlsruhe | Steuerberatung | Buchf\u00fchrung | Wirtschaftspr\u00fcfung | betriebswirtschaftliche Beratung | Buchhaltung | Lohnbuchf\u00fchrung","isPartOf":{"@id":"https:\/\/www.kanzlei-wangler.de\/#website"},"datePublished":"2015-10-27T00:23:39+00:00","dateModified":"2015-10-27T00:23:39+00:00","breadcrumb":{"@id":"https:\/\/www.kanzlei-wangler.de\/en\/start-up-consulting\/#breadcrumb"},"inLanguage":"en-US","potentialAction":[{"@type":"ReadAction","target":["https:\/\/www.kanzlei-wangler.de\/en\/start-up-consulting\/"]}]},{"@type":"BreadcrumbList","@id":"https:\/\/www.kanzlei-wangler.de\/en\/start-up-consulting\/#breadcrumb","itemListElement":[{"@type":"ListItem","position":1,"name":"Home","item":"https:\/\/www.kanzlei-wangler.de\/en\/"},{"@type":"ListItem","position":2,"name":"Start-Up Consulting"}]},{"@type":"WebSite","@id":"https:\/\/www.kanzlei-wangler.de\/#website","url":"https:\/\/www.kanzlei-wangler.de\/","name":"Kanzlei Wangler | Steuerberater Karlsruhe | Steuerberatung | Buchf\u00fchrung | Wirtschaftspr\u00fcfung | betriebswirtschaftliche Beratung | Buchhaltung | Lohnbuchf\u00fchrung","description":"Kanzlei Wangler - Ihr Steuerberater in Karlsruhe f\u00fcr Steuerberatung, Buchf\u00fchrung, Wirtschaftspr\u00fcfung, betriebswirtschaftliche Beratung, Buchhaltung und Lohnbuchf\u00fchrung","potentialAction":[{"@type":"SearchAction","target":{"@type":"EntryPoint","urlTemplate":"https:\/\/www.kanzlei-wangler.de\/?s={search_term_string}"},"query-input":"required name=search_term_string"}],"inLanguage":"en-US"}]}},"_links":{"self":[{"href":"https:\/\/www.kanzlei-wangler.de\/en\/wp-json\/wp\/v2\/pages\/785"}],"collection":[{"href":"https:\/\/www.kanzlei-wangler.de\/en\/wp-json\/wp\/v2\/pages"}],"about":[{"href":"https:\/\/www.kanzlei-wangler.de\/en\/wp-json\/wp\/v2\/types\/page"}],"author":[{"embeddable":true,"href":"https:\/\/www.kanzlei-wangler.de\/en\/wp-json\/wp\/v2\/users\/1"}],"replies":[{"embeddable":true,"href":"https:\/\/www.kanzlei-wangler.de\/en\/wp-json\/wp\/v2\/comments?post=785"}],"version-history":[{"count":1,"href":"https:\/\/www.kanzlei-wangler.de\/en\/wp-json\/wp\/v2\/pages\/785\/revisions"}],"predecessor-version":[{"id":786,"href":"https:\/\/www.kanzlei-wangler.de\/en\/wp-json\/wp\/v2\/pages\/785\/revisions\/786"}],"wp:attachment":[{"href":"https:\/\/www.kanzlei-wangler.de\/en\/wp-json\/wp\/v2\/media?parent=785"}],"curies":[{"name":"wp","href":"https:\/\/api.w.org\/{rel}","templated":true}]}}