{"id":370,"date":"2015-09-17T12:46:24","date_gmt":"2015-09-17T10:46:24","guid":{"rendered":"http:\/\/wp.kanzlei-wangler.com\/en\/?page_id=370"},"modified":"2015-10-27T22:40:57","modified_gmt":"2015-10-27T21:40:57","slug":"consultantsexperts","status":"publish","type":"page","link":"https:\/\/www.kanzlei-wangler.de\/en\/consultantsexperts\/","title":{"rendered":"Consultants\/Experts"},"content":{"rendered":"<h2>Consultants\/Experts<\/h2>\n<p>Bardusch AG Verm\u00f6gensmanagement<\/p>\n<p>Hertzstra\u00dfe 26<\/p>\n<p>76275 Ettlingen<\/p>\n<p>Germany<\/p>\n<p>Tel: 07243 76874-0<\/p>\n<p>Fax: 07243 76874-99<\/p>\n<p>E-mail: <a href=\"mailto:m.gehrsitz@barduschag.de\">m.gehrsitz(at)barduschag.de<\/a><\/p>\n<p>Website: <a href=\"http:\/\/www.barduschag.de\" target=\"_blank\">www.barduschag.de<\/a><\/p>\n<p>&nbsp;<\/p>\n<p>KBG Beratungsgesellschaft<\/p>\n<p>Eisenlohrstra\u00dfe 32<\/p>\n<p>76135 Karlsruhe<\/p>\n<p>Germany<\/p>\n<p>Tel: 0721 790707-0<\/p>\n<p>Fax: 0721 790707-111<\/p>\n<p>E-mail: <a href=\"mailto:info@kbg-beratung.de\" target=\"_blank\">info(at)kbg-beratung.de<\/a><\/p>\n<p>Website: <a href=\"http:\/\/www.kbg-beratung.de\" target=\"_blank\">www.kbg-beratung.de<\/a><\/p>\n<p>&nbsp;<\/p>\n<p>Dipl.-Ing. (FH) Dietmar Bodemer, Architekt<\/p>\n<p>Blumentorstr. 16<\/p>\n<p>76227 Karlsruhe<\/p>\n<p>Germany<\/p>\n<p>Tel: 0721 9416550<\/p>\n<p>Fax: 0721 9416552<\/p>\n<p>Our partner for: opinions on real estate and rent.<\/p>\n","protected":false},"excerpt":{"rendered":"Consultants\/Experts Bardusch AG Verm\u00f6gensmanagement Hertzstra\u00dfe 26 76275 Ettlingen Germany Tel: 07243 76874-0 Fax: 07243 76874-99 E-mail: m.gehrsitz(at)barduschag.de Website: www.barduschag.de &nbsp; KBG Beratungsgesellschaft Eisenlohrstra\u00dfe 32 76135 Karlsruhe Germany Tel: 0721 790707-0 Fax: 0721 790707-111 E-mail: info(at)kbg-beratung.de Website: www.kbg-beratung.de &nbsp; Dipl.-Ing. (FH) Dietmar Bodemer, Architekt Blumentorstr. 16 76227 Karlsruhe Germany Tel: 0721 9416550 Fax: 0721 9416552 Our&#8230; <a class=\"view-article\" href=\"https:\/\/www.kanzlei-wangler.de\/en\/consultantsexperts\/\">View Article<\/a>","protected":false},"author":1,"featured_media":0,"parent":0,"menu_order":0,"comment_status":"closed","ping_status":"closed","template":"","meta":{"footnotes":""},"yoast_head":"<!-- This site is optimized with the Yoast SEO plugin v19.6.1 - https:\/\/yoast.com\/wordpress\/plugins\/seo\/ -->\n<title>Consultants\/Experts - Kanzlei Wangler | Steuerberater Karlsruhe | Steuerberatung | Buchf\u00fchrung | Wirtschaftspr\u00fcfung | betriebswirtschaftliche Beratung | Buchhaltung | Lohnbuchf\u00fchrung<\/title>\n<meta name=\"robots\" content=\"index, follow, max-snippet:-1, max-image-preview:large, max-video-preview:-1\" \/>\n<link rel=\"canonical\" href=\"https:\/\/www.kanzlei-wangler.de\/en\/consultantsexperts\/\" \/>\n<meta property=\"og:locale\" content=\"en_US\" \/>\n<meta property=\"og:type\" content=\"article\" \/>\n<meta property=\"og:title\" content=\"Consultants\/Experts - Kanzlei Wangler | Steuerberater Karlsruhe | Steuerberatung | Buchf\u00fchrung | Wirtschaftspr\u00fcfung | betriebswirtschaftliche Beratung | Buchhaltung | Lohnbuchf\u00fchrung\" \/>\n<meta property=\"og:description\" content=\"Consultants\/Experts Bardusch AG Verm\u00f6gensmanagement Hertzstra\u00dfe 26 76275 Ettlingen Germany Tel: 07243 76874-0 Fax: 07243 76874-99 E-mail: m.gehrsitz(at)barduschag.de Website: www.barduschag.de &nbsp; KBG Beratungsgesellschaft Eisenlohrstra\u00dfe 32 76135 Karlsruhe Germany Tel: 0721 790707-0 Fax: 0721 790707-111 E-mail: info(at)kbg-beratung.de Website: www.kbg-beratung.de &nbsp; Dipl.-Ing. (FH) Dietmar Bodemer, Architekt Blumentorstr. 16 76227 Karlsruhe Germany Tel: 0721 9416550 Fax: 0721 9416552 Our... View Article\" \/>\n<meta property=\"og:url\" content=\"https:\/\/www.kanzlei-wangler.de\/en\/consultantsexperts\/\" \/>\n<meta property=\"og:site_name\" content=\"Kanzlei Wangler | Steuerberater Karlsruhe | Steuerberatung | Buchf\u00fchrung | Wirtschaftspr\u00fcfung | betriebswirtschaftliche Beratung | Buchhaltung | Lohnbuchf\u00fchrung\" \/>\n<meta property=\"article:publisher\" content=\"https:\/\/kanzlei-wangler.de\/page-sitemap.xml\" \/>\n<meta property=\"article:modified_time\" content=\"2015-10-27T21:40:57+00:00\" \/>\n<meta name=\"twitter:card\" content=\"summary\" \/>\n<script type=\"application\/ld+json\" class=\"yoast-schema-graph\">{\"@context\":\"https:\/\/schema.org\",\"@graph\":[{\"@type\":\"WebPage\",\"@id\":\"https:\/\/www.kanzlei-wangler.de\/en\/consultantsexperts\/\",\"url\":\"https:\/\/www.kanzlei-wangler.de\/en\/consultantsexperts\/\",\"name\":\"Consultants\/Experts - Kanzlei Wangler | Steuerberater Karlsruhe | Steuerberatung | Buchf\u00fchrung | Wirtschaftspr\u00fcfung | betriebswirtschaftliche Beratung | Buchhaltung | Lohnbuchf\u00fchrung\",\"isPartOf\":{\"@id\":\"https:\/\/www.kanzlei-wangler.de\/#website\"},\"datePublished\":\"2015-09-17T10:46:24+00:00\",\"dateModified\":\"2015-10-27T21:40:57+00:00\",\"breadcrumb\":{\"@id\":\"https:\/\/www.kanzlei-wangler.de\/en\/consultantsexperts\/#breadcrumb\"},\"inLanguage\":\"en-US\",\"potentialAction\":[{\"@type\":\"ReadAction\",\"target\":[\"https:\/\/www.kanzlei-wangler.de\/en\/consultantsexperts\/\"]}]},{\"@type\":\"BreadcrumbList\",\"@id\":\"https:\/\/www.kanzlei-wangler.de\/en\/consultantsexperts\/#breadcrumb\",\"itemListElement\":[{\"@type\":\"ListItem\",\"position\":1,\"name\":\"Home\",\"item\":\"https:\/\/www.kanzlei-wangler.de\/en\/\"},{\"@type\":\"ListItem\",\"position\":2,\"name\":\"Consultants\/Experts\"}]},{\"@type\":\"WebSite\",\"@id\":\"https:\/\/www.kanzlei-wangler.de\/#website\",\"url\":\"https:\/\/www.kanzlei-wangler.de\/\",\"name\":\"Kanzlei Wangler | Steuerberater Karlsruhe | Steuerberatung | Buchf\u00fchrung | Wirtschaftspr\u00fcfung | betriebswirtschaftliche Beratung | Buchhaltung | Lohnbuchf\u00fchrung\",\"description\":\"Kanzlei Wangler - Ihr Steuerberater in Karlsruhe f\u00fcr Steuerberatung, Buchf\u00fchrung, Wirtschaftspr\u00fcfung, betriebswirtschaftliche Beratung, Buchhaltung und Lohnbuchf\u00fchrung\",\"potentialAction\":[{\"@type\":\"SearchAction\",\"target\":{\"@type\":\"EntryPoint\",\"urlTemplate\":\"https:\/\/www.kanzlei-wangler.de\/?s={search_term_string}\"},\"query-input\":\"required name=search_term_string\"}],\"inLanguage\":\"en-US\"}]}<\/script>\n<!-- \/ Yoast SEO plugin. -->","yoast_head_json":{"title":"Consultants\/Experts - Kanzlei Wangler | Steuerberater Karlsruhe | Steuerberatung | Buchf\u00fchrung | Wirtschaftspr\u00fcfung | betriebswirtschaftliche Beratung | Buchhaltung | Lohnbuchf\u00fchrung","robots":{"index":"index","follow":"follow","max-snippet":"max-snippet:-1","max-image-preview":"max-image-preview:large","max-video-preview":"max-video-preview:-1"},"canonical":"https:\/\/www.kanzlei-wangler.de\/en\/consultantsexperts\/","og_locale":"en_US","og_type":"article","og_title":"Consultants\/Experts - Kanzlei Wangler | Steuerberater Karlsruhe | Steuerberatung | Buchf\u00fchrung | Wirtschaftspr\u00fcfung | betriebswirtschaftliche Beratung | Buchhaltung | Lohnbuchf\u00fchrung","og_description":"Consultants\/Experts Bardusch AG Verm\u00f6gensmanagement Hertzstra\u00dfe 26 76275 Ettlingen Germany Tel: 07243 76874-0 Fax: 07243 76874-99 E-mail: m.gehrsitz(at)barduschag.de Website: www.barduschag.de &nbsp; KBG Beratungsgesellschaft Eisenlohrstra\u00dfe 32 76135 Karlsruhe Germany Tel: 0721 790707-0 Fax: 0721 790707-111 E-mail: info(at)kbg-beratung.de Website: www.kbg-beratung.de &nbsp; Dipl.-Ing. (FH) Dietmar Bodemer, Architekt Blumentorstr. 16 76227 Karlsruhe Germany Tel: 0721 9416550 Fax: 0721 9416552 Our... View Article","og_url":"https:\/\/www.kanzlei-wangler.de\/en\/consultantsexperts\/","og_site_name":"Kanzlei Wangler | Steuerberater Karlsruhe | Steuerberatung | Buchf\u00fchrung | Wirtschaftspr\u00fcfung | betriebswirtschaftliche Beratung | Buchhaltung | Lohnbuchf\u00fchrung","article_publisher":"https:\/\/kanzlei-wangler.de\/page-sitemap.xml","article_modified_time":"2015-10-27T21:40:57+00:00","twitter_card":"summary","schema":{"@context":"https:\/\/schema.org","@graph":[{"@type":"WebPage","@id":"https:\/\/www.kanzlei-wangler.de\/en\/consultantsexperts\/","url":"https:\/\/www.kanzlei-wangler.de\/en\/consultantsexperts\/","name":"Consultants\/Experts - Kanzlei Wangler | Steuerberater Karlsruhe | Steuerberatung | Buchf\u00fchrung | Wirtschaftspr\u00fcfung | betriebswirtschaftliche Beratung | Buchhaltung | Lohnbuchf\u00fchrung","isPartOf":{"@id":"https:\/\/www.kanzlei-wangler.de\/#website"},"datePublished":"2015-09-17T10:46:24+00:00","dateModified":"2015-10-27T21:40:57+00:00","breadcrumb":{"@id":"https:\/\/www.kanzlei-wangler.de\/en\/consultantsexperts\/#breadcrumb"},"inLanguage":"en-US","potentialAction":[{"@type":"ReadAction","target":["https:\/\/www.kanzlei-wangler.de\/en\/consultantsexperts\/"]}]},{"@type":"BreadcrumbList","@id":"https:\/\/www.kanzlei-wangler.de\/en\/consultantsexperts\/#breadcrumb","itemListElement":[{"@type":"ListItem","position":1,"name":"Home","item":"https:\/\/www.kanzlei-wangler.de\/en\/"},{"@type":"ListItem","position":2,"name":"Consultants\/Experts"}]},{"@type":"WebSite","@id":"https:\/\/www.kanzlei-wangler.de\/#website","url":"https:\/\/www.kanzlei-wangler.de\/","name":"Kanzlei Wangler | Steuerberater Karlsruhe | Steuerberatung | Buchf\u00fchrung | Wirtschaftspr\u00fcfung | betriebswirtschaftliche Beratung | Buchhaltung | Lohnbuchf\u00fchrung","description":"Kanzlei Wangler - Ihr Steuerberater in Karlsruhe f\u00fcr Steuerberatung, Buchf\u00fchrung, Wirtschaftspr\u00fcfung, betriebswirtschaftliche Beratung, Buchhaltung und Lohnbuchf\u00fchrung","potentialAction":[{"@type":"SearchAction","target":{"@type":"EntryPoint","urlTemplate":"https:\/\/www.kanzlei-wangler.de\/?s={search_term_string}"},"query-input":"required name=search_term_string"}],"inLanguage":"en-US"}]}},"_links":{"self":[{"href":"https:\/\/www.kanzlei-wangler.de\/en\/wp-json\/wp\/v2\/pages\/370"}],"collection":[{"href":"https:\/\/www.kanzlei-wangler.de\/en\/wp-json\/wp\/v2\/pages"}],"about":[{"href":"https:\/\/www.kanzlei-wangler.de\/en\/wp-json\/wp\/v2\/types\/page"}],"author":[{"embeddable":true,"href":"https:\/\/www.kanzlei-wangler.de\/en\/wp-json\/wp\/v2\/users\/1"}],"replies":[{"embeddable":true,"href":"https:\/\/www.kanzlei-wangler.de\/en\/wp-json\/wp\/v2\/comments?post=370"}],"version-history":[{"count":3,"href":"https:\/\/www.kanzlei-wangler.de\/en\/wp-json\/wp\/v2\/pages\/370\/revisions"}],"predecessor-version":[{"id":746,"href":"https:\/\/www.kanzlei-wangler.de\/en\/wp-json\/wp\/v2\/pages\/370\/revisions\/746"}],"wp:attachment":[{"href":"https:\/\/www.kanzlei-wangler.de\/en\/wp-json\/wp\/v2\/media?parent=370"}],"curies":[{"name":"wp","href":"https:\/\/api.w.org\/{rel}","templated":true}]}}