{"id":368,"date":"2015-09-17T12:44:43","date_gmt":"2015-09-17T10:44:43","guid":{"rendered":"http:\/\/wp.kanzlei-wangler.com\/en\/?page_id=368"},"modified":"2015-10-27T22:39:24","modified_gmt":"2015-10-27T21:39:24","slug":"foreign-law","status":"publish","type":"page","link":"https:\/\/www.kanzlei-wangler.de\/en\/foreign-law\/","title":{"rendered":"Foreign Law"},"content":{"rendered":"<h2>Our Partners in Foreign Law<\/h2>\n<p>Walche Revisionsgesellschaft AG<\/p>\n<p>Walchestra\u00dfe 15<\/p>\n<p>8006 Zurich<\/p>\n<p>Switzerland<\/p>\n<p>&nbsp;<\/p>\n<p>Dr. Peter Lechner<\/p>\n<p>Lawyer<\/p>\n<p>B\u00fcrgerstra\u00dfe 2<\/p>\n<p>6020 Innsbruck<\/p>\n<p>Austria<\/p>\n<p>Tel: +43 512 565556<\/p>\n<p>Fax: +43 512 572357<\/p>\n<p>E-mail: <a href=\"mailto:p.lechner@ra-lechner.com\" target=\"_blank\">p.lechner(at)ra-lechner.com<\/a><\/p>\n<p>Website: <a href=\"http:\/\/www.ra-lechner.com\" target=\"_blank\">www.ra-lechner.com<\/a><\/p>\n<p>Our partner for: Austrian law<\/p>\n<p>&nbsp;<\/p>\n<p>Dr. jur. Daniel Sauter<\/p>\n<p>Staiger, Schwald &amp; Partner AG<\/p>\n<p>Lawyers<\/p>\n<p>Genferstra\u00dfe 24, Postfach 2012<\/p>\n<p>8027 Zurich<\/p>\n<p>Switzerland<\/p>\n<p>Tel: +41 442838686<\/p>\n<p>Fax: +41 442838787<\/p>\n<p>E-mail: <a href=\"mailto:daniel.sauter@ssplaw.ch\" target=\"_blank\">daniel.sauter(at)ssplaw.ch<\/a><\/p>\n<p>Website: <a href=\"http:\/\/www.ssplaw.ch\" target=\"_blank\">www.ssplaw.ch<\/a><\/p>\n<p>Our partner for: Swiss company law. The firm has numerous specialists for virtually any area of Swiss law.<\/p>\n","protected":false},"excerpt":{"rendered":"Our Partners in Foreign Law Walche Revisionsgesellschaft AG Walchestra\u00dfe 15 8006 Zurich Switzerland &nbsp; Dr. Peter Lechner Lawyer B\u00fcrgerstra\u00dfe 2 6020 Innsbruck Austria Tel: +43 512 565556 Fax: +43 512 572357 E-mail: p.lechner(at)ra-lechner.com Website: www.ra-lechner.com Our partner for: Austrian law &nbsp; Dr. jur. Daniel Sauter Staiger, Schwald &amp; Partner AG Lawyers Genferstra\u00dfe 24, Postfach 2012&#8230; <a class=\"view-article\" href=\"https:\/\/www.kanzlei-wangler.de\/en\/foreign-law\/\">View Article<\/a>","protected":false},"author":1,"featured_media":0,"parent":0,"menu_order":0,"comment_status":"closed","ping_status":"closed","template":"","meta":{"footnotes":""},"yoast_head":"<!-- This site is optimized with the Yoast SEO plugin v19.6.1 - https:\/\/yoast.com\/wordpress\/plugins\/seo\/ -->\n<title>Foreign Law - Kanzlei Wangler | Steuerberater Karlsruhe | Steuerberatung | Buchf\u00fchrung | Wirtschaftspr\u00fcfung | betriebswirtschaftliche Beratung | Buchhaltung | Lohnbuchf\u00fchrung<\/title>\n<meta name=\"robots\" content=\"index, follow, max-snippet:-1, max-image-preview:large, max-video-preview:-1\" \/>\n<link rel=\"canonical\" href=\"https:\/\/www.kanzlei-wangler.de\/en\/foreign-law\/\" \/>\n<meta property=\"og:locale\" content=\"en_US\" \/>\n<meta property=\"og:type\" content=\"article\" \/>\n<meta property=\"og:title\" content=\"Foreign Law - Kanzlei Wangler | Steuerberater Karlsruhe | Steuerberatung | Buchf\u00fchrung | Wirtschaftspr\u00fcfung | betriebswirtschaftliche Beratung | Buchhaltung | Lohnbuchf\u00fchrung\" \/>\n<meta property=\"og:description\" content=\"Our Partners in Foreign Law Walche Revisionsgesellschaft AG Walchestra\u00dfe 15 8006 Zurich Switzerland &nbsp; Dr. Peter Lechner Lawyer B\u00fcrgerstra\u00dfe 2 6020 Innsbruck Austria Tel: +43 512 565556 Fax: +43 512 572357 E-mail: p.lechner(at)ra-lechner.com Website: www.ra-lechner.com Our partner for: Austrian law &nbsp; Dr. jur. Daniel Sauter Staiger, Schwald &amp; Partner AG Lawyers Genferstra\u00dfe 24, Postfach 2012... View Article\" \/>\n<meta property=\"og:url\" content=\"https:\/\/www.kanzlei-wangler.de\/en\/foreign-law\/\" \/>\n<meta property=\"og:site_name\" content=\"Kanzlei Wangler | Steuerberater Karlsruhe | Steuerberatung | Buchf\u00fchrung | Wirtschaftspr\u00fcfung | betriebswirtschaftliche Beratung | Buchhaltung | Lohnbuchf\u00fchrung\" \/>\n<meta property=\"article:publisher\" content=\"https:\/\/kanzlei-wangler.de\/page-sitemap.xml\" \/>\n<meta property=\"article:modified_time\" content=\"2015-10-27T21:39:24+00:00\" \/>\n<meta name=\"twitter:card\" content=\"summary\" \/>\n<script type=\"application\/ld+json\" class=\"yoast-schema-graph\">{\"@context\":\"https:\/\/schema.org\",\"@graph\":[{\"@type\":\"WebPage\",\"@id\":\"https:\/\/www.kanzlei-wangler.de\/en\/foreign-law\/\",\"url\":\"https:\/\/www.kanzlei-wangler.de\/en\/foreign-law\/\",\"name\":\"Foreign Law - Kanzlei Wangler | Steuerberater Karlsruhe | Steuerberatung | Buchf\u00fchrung | Wirtschaftspr\u00fcfung | betriebswirtschaftliche Beratung | Buchhaltung | Lohnbuchf\u00fchrung\",\"isPartOf\":{\"@id\":\"https:\/\/www.kanzlei-wangler.de\/#website\"},\"datePublished\":\"2015-09-17T10:44:43+00:00\",\"dateModified\":\"2015-10-27T21:39:24+00:00\",\"breadcrumb\":{\"@id\":\"https:\/\/www.kanzlei-wangler.de\/en\/foreign-law\/#breadcrumb\"},\"inLanguage\":\"en-US\",\"potentialAction\":[{\"@type\":\"ReadAction\",\"target\":[\"https:\/\/www.kanzlei-wangler.de\/en\/foreign-law\/\"]}]},{\"@type\":\"BreadcrumbList\",\"@id\":\"https:\/\/www.kanzlei-wangler.de\/en\/foreign-law\/#breadcrumb\",\"itemListElement\":[{\"@type\":\"ListItem\",\"position\":1,\"name\":\"Home\",\"item\":\"https:\/\/www.kanzlei-wangler.de\/en\/\"},{\"@type\":\"ListItem\",\"position\":2,\"name\":\"Foreign Law\"}]},{\"@type\":\"WebSite\",\"@id\":\"https:\/\/www.kanzlei-wangler.de\/#website\",\"url\":\"https:\/\/www.kanzlei-wangler.de\/\",\"name\":\"Kanzlei Wangler | Steuerberater Karlsruhe | Steuerberatung | Buchf\u00fchrung | Wirtschaftspr\u00fcfung | betriebswirtschaftliche Beratung | Buchhaltung | Lohnbuchf\u00fchrung\",\"description\":\"Kanzlei Wangler - Ihr Steuerberater in Karlsruhe f\u00fcr Steuerberatung, Buchf\u00fchrung, Wirtschaftspr\u00fcfung, betriebswirtschaftliche Beratung, Buchhaltung und Lohnbuchf\u00fchrung\",\"potentialAction\":[{\"@type\":\"SearchAction\",\"target\":{\"@type\":\"EntryPoint\",\"urlTemplate\":\"https:\/\/www.kanzlei-wangler.de\/?s={search_term_string}\"},\"query-input\":\"required name=search_term_string\"}],\"inLanguage\":\"en-US\"}]}<\/script>\n<!-- \/ Yoast SEO plugin. -->","yoast_head_json":{"title":"Foreign Law - Kanzlei Wangler | Steuerberater Karlsruhe | Steuerberatung | Buchf\u00fchrung | Wirtschaftspr\u00fcfung | betriebswirtschaftliche Beratung | Buchhaltung | Lohnbuchf\u00fchrung","robots":{"index":"index","follow":"follow","max-snippet":"max-snippet:-1","max-image-preview":"max-image-preview:large","max-video-preview":"max-video-preview:-1"},"canonical":"https:\/\/www.kanzlei-wangler.de\/en\/foreign-law\/","og_locale":"en_US","og_type":"article","og_title":"Foreign Law - Kanzlei Wangler | Steuerberater Karlsruhe | Steuerberatung | Buchf\u00fchrung | Wirtschaftspr\u00fcfung | betriebswirtschaftliche Beratung | Buchhaltung | Lohnbuchf\u00fchrung","og_description":"Our Partners in Foreign Law Walche Revisionsgesellschaft AG Walchestra\u00dfe 15 8006 Zurich Switzerland &nbsp; Dr. Peter Lechner Lawyer B\u00fcrgerstra\u00dfe 2 6020 Innsbruck Austria Tel: +43 512 565556 Fax: +43 512 572357 E-mail: p.lechner(at)ra-lechner.com Website: www.ra-lechner.com Our partner for: Austrian law &nbsp; Dr. jur. Daniel Sauter Staiger, Schwald &amp; Partner AG Lawyers Genferstra\u00dfe 24, Postfach 2012... View Article","og_url":"https:\/\/www.kanzlei-wangler.de\/en\/foreign-law\/","og_site_name":"Kanzlei Wangler | Steuerberater Karlsruhe | Steuerberatung | Buchf\u00fchrung | Wirtschaftspr\u00fcfung | betriebswirtschaftliche Beratung | Buchhaltung | Lohnbuchf\u00fchrung","article_publisher":"https:\/\/kanzlei-wangler.de\/page-sitemap.xml","article_modified_time":"2015-10-27T21:39:24+00:00","twitter_card":"summary","schema":{"@context":"https:\/\/schema.org","@graph":[{"@type":"WebPage","@id":"https:\/\/www.kanzlei-wangler.de\/en\/foreign-law\/","url":"https:\/\/www.kanzlei-wangler.de\/en\/foreign-law\/","name":"Foreign Law - Kanzlei Wangler | Steuerberater Karlsruhe | Steuerberatung | Buchf\u00fchrung | Wirtschaftspr\u00fcfung | betriebswirtschaftliche Beratung | Buchhaltung | Lohnbuchf\u00fchrung","isPartOf":{"@id":"https:\/\/www.kanzlei-wangler.de\/#website"},"datePublished":"2015-09-17T10:44:43+00:00","dateModified":"2015-10-27T21:39:24+00:00","breadcrumb":{"@id":"https:\/\/www.kanzlei-wangler.de\/en\/foreign-law\/#breadcrumb"},"inLanguage":"en-US","potentialAction":[{"@type":"ReadAction","target":["https:\/\/www.kanzlei-wangler.de\/en\/foreign-law\/"]}]},{"@type":"BreadcrumbList","@id":"https:\/\/www.kanzlei-wangler.de\/en\/foreign-law\/#breadcrumb","itemListElement":[{"@type":"ListItem","position":1,"name":"Home","item":"https:\/\/www.kanzlei-wangler.de\/en\/"},{"@type":"ListItem","position":2,"name":"Foreign Law"}]},{"@type":"WebSite","@id":"https:\/\/www.kanzlei-wangler.de\/#website","url":"https:\/\/www.kanzlei-wangler.de\/","name":"Kanzlei Wangler | Steuerberater Karlsruhe | Steuerberatung | Buchf\u00fchrung | Wirtschaftspr\u00fcfung | betriebswirtschaftliche Beratung | Buchhaltung | Lohnbuchf\u00fchrung","description":"Kanzlei Wangler - Ihr Steuerberater in Karlsruhe f\u00fcr Steuerberatung, Buchf\u00fchrung, Wirtschaftspr\u00fcfung, betriebswirtschaftliche Beratung, Buchhaltung und Lohnbuchf\u00fchrung","potentialAction":[{"@type":"SearchAction","target":{"@type":"EntryPoint","urlTemplate":"https:\/\/www.kanzlei-wangler.de\/?s={search_term_string}"},"query-input":"required name=search_term_string"}],"inLanguage":"en-US"}]}},"_links":{"self":[{"href":"https:\/\/www.kanzlei-wangler.de\/en\/wp-json\/wp\/v2\/pages\/368"}],"collection":[{"href":"https:\/\/www.kanzlei-wangler.de\/en\/wp-json\/wp\/v2\/pages"}],"about":[{"href":"https:\/\/www.kanzlei-wangler.de\/en\/wp-json\/wp\/v2\/types\/page"}],"author":[{"embeddable":true,"href":"https:\/\/www.kanzlei-wangler.de\/en\/wp-json\/wp\/v2\/users\/1"}],"replies":[{"embeddable":true,"href":"https:\/\/www.kanzlei-wangler.de\/en\/wp-json\/wp\/v2\/comments?post=368"}],"version-history":[{"count":3,"href":"https:\/\/www.kanzlei-wangler.de\/en\/wp-json\/wp\/v2\/pages\/368\/revisions"}],"predecessor-version":[{"id":748,"href":"https:\/\/www.kanzlei-wangler.de\/en\/wp-json\/wp\/v2\/pages\/368\/revisions\/748"}],"wp:attachment":[{"href":"https:\/\/www.kanzlei-wangler.de\/en\/wp-json\/wp\/v2\/media?parent=368"}],"curies":[{"name":"wp","href":"https:\/\/api.w.org\/{rel}","templated":true}]}}