{"id":323,"date":"2015-09-17T01:16:14","date_gmt":"2015-09-16T23:16:14","guid":{"rendered":"http:\/\/wp.kanzlei-wangler.com\/en\/?page_id=323"},"modified":"2019-01-15T10:51:15","modified_gmt":"2019-01-15T09:51:15","slug":"legal-info","status":"publish","type":"page","link":"https:\/\/www.kanzlei-wangler.de\/en\/legal-info\/","title":{"rendered":"Legal Info"},"content":{"rendered":"<h2>Imprint<\/h2>\n<p>Kanzlei Wangler GmbH &amp; Co. KG<br \/>\nSteuerberatungsgesellschaft<br \/>\nKriegsstra\u00dfe 133<br \/>\n76135 Karlsruhe<br \/>\nTelefon: +49 721 98559-0<br \/>\nTelefax: +49 721 98559-50<br \/>\nE-Mail: <a href=\"mailto:info@kanzlei-wangler.de\">info@kanzlei-wangler.de<\/a><\/p>\n<p>Kommanditgesellschaft mit Sitz in Karlsruhe<br \/>\nAmtsgericht Mannheim HRA 70212<br \/>\nUmsatzsteuer-ID-Nummer: DE 262969921<\/p>\n<p>Pers\u00f6nlich haftender Gesellschafter: Kanzlei Wangler Verwaltungs GmbH<br \/>\nSteuerberatungsgesellschaft mit Sitz in Karlsruhe<br \/>\nAmtsgericht Mannheim HRB 705597<br \/>\nGesch\u00e4ftsf\u00fchrer: Bernhard Wangler, Holger Fessler, Christine Kaiser,<br \/>\nChristine Klipfel, Klaus Schmitt, Mario Schorpp<\/p>\n<p>&nbsp;<\/p>\n<p><span style=\"text-decoration: underline;\">This Imprint is also valid for the following Social Media Profiles:<\/span><br \/>\nFacebook: <a href=\"https:\/\/www.facebook.com\/kanzleiwangler\">https:\/\/www.facebook.com\/kanzleiwangler<\/a><br \/>\nGoogle+: <a href=\"https:\/\/plus.google.com\/+KanzleiWanglerGmbHCoKGKarlsruhe\">https:\/\/plus.google.com\/+KanzleiWanglerGmbHCoKGKarlsruhe<\/a><br \/>\nXing: <a href=\"https:\/\/www.xing.com\/companies\/kanzleiwanglergmbh&amp;co.kg\">https:\/\/www.xing.com\/companies\/kanzleiwanglergmbh&amp;co.kg<\/a><br \/>\nLinkedIn: <a href=\"https:\/\/www.linkedin.com\/company\/kanzlei-wangler-gmbh-&amp;-co-kg\">https:\/\/www.linkedin.com\/company\/kanzlei-wangler-gmbh-&amp;-co-kg<\/a><br \/>\nYoutube: <a href=\"https:\/\/www.youtube.com\/channel\/UC3rjw52jcnAo68B-L-dITjw\">https:\/\/www.youtube.com\/channel\/UC3rjw52jcnAo68B-L-dITjw<\/a><\/p>\n<p>&nbsp;<\/p>\n<p>Die gesetzliche Berufsbezeichnung Steuerberater wurde in der Bundesrepublik Deutschland erworben.<\/p>\n<p><span style=\"text-decoration: underline;\">Zust\u00e4ndige Aufsichtsbeh\u00f6rde und Kammer:<\/span><br \/>\nSteuerberaterkammer Nordbaden<br \/>\nVangerowstra\u00dfe 16\/1<br \/>\n69115 Heidelberg<br \/>\nTelefon: +49 6221 183077<br \/>\nTelefax: +49 6221 165105<br \/>\nE-Mail: <a href=\"mailto:post@stbk-nordbaden.de\">post@stbk-nordbaden.de<\/a><br \/>\nInternet: <a href=\"https:\/\/www.stbk-nordbaden.de\" target=\"_blank\">www.stbk-nordbaden.de<\/a><\/p>\n<p>F\u00fcr die Steuerberater gelten im Wesentlichen folgende <strong>berufsrechtlichen Bestimmungen<\/strong>:<br \/>\nSteuerberatungsgesetz (StBerG)<br \/>\nVerordnung zur Durchf\u00fchrung der Vorschriften \u00fcber Steuerberater<br \/>\nSteuerbevollm\u00e4chtigte und Steuerberatungsgesellschaften (DVStB)<br \/>\nBerufsordnung der Bundessteuerberaterkammer (BOStB)<br \/>\nSteuerberaterverg\u00fctungsverordnung (StBVV)<br \/>\nDiese Bestimmungen sind abrufbar unter <a href=\"https:\/\/www.bstbk.de\/de\/steuerberater\/berufsrecht\" target=\"_blank\">https:\/\/www.bstbk.de\/de\/steuerberater\/berufsrecht<\/a><\/p>\n<p>Die gesetzliche Berufsbezeichnung Wirtschaftspr\u00fcfer wurde in der Bundesrepublik Deutschland erworben.<\/p>\n<p><span style=\"text-decoration: underline;\">Zust\u00e4ndige Aufsichtsbeh\u00f6rde und Kammer:<\/span><br \/>\nWirtschaftspr\u00fcferkammer<br \/>\nRauchstra\u00dfe 26<br \/>\n10787 Berlin<br \/>\nTelefon +49 30 726161-0<br \/>\nTelefax +49 30 726161-212<br \/>\nE-Mail: <a href=\"mailto:kontakt@wpk.de\">kontakt@wpk.de<\/a><br \/>\nInternet: <a href=\"https:\/\/www.wpk.de\" target=\"_blank\">www.wpk.de<\/a><\/p>\n<p>F\u00fcr Wirtschaftspr\u00fcfer gelten im Wesentlichen folgende <strong>berufsrechtlichen Bestimmungen:<\/strong><br \/>\nWirtschaftspr\u00fcferordnung (WPO)<br \/>\nBerufssatzung f\u00fcr Wirtschaftspr\u00fcfer\/vereidigte Buchpr\u00fcfer (BS WP\/vBP),<br \/>\nSatzung f\u00fcr Qualit\u00e4tskontrolle<br \/>\nSiegel VO<br \/>\nWirtschaftspr\u00fcfer-Berufshaftpflichtversicherungsverordnung (WPBHV).<br \/>\nDiese Bestimmungen sind abrufbar \u00fcber <a href=\"https:\/\/www.wpk.de\/wpk\/rechtsvorschriften\/\" target=\"blank\">https:\/\/www.wpk.de\/wpk\/rechtsvorschriften<\/a><\/p>\n<p>&nbsp;<\/p>\n<p>Fachliche Verlautbarungen des Instituts der Wirtschaftspr\u00fcfer e.V.<br \/>\nD\u00fcsseldorf (IDW)<br \/>\nTersteegstra\u00dfe 14<br \/>\n40474 D\u00fcsseldorf<br \/>\nE-Mail: <a href=\"mailto:info@idw.de\">info@idw.de<\/a><br \/>\nInternet: <a href=\"https:\/\/www.idw.de\" target=\"_blank\">www.idw.de<\/a><\/p>\n<p><span style=\"text-decoration: underline;\">Berufshaftpflichtversicherung<\/span><br \/>\nVSW \u2013 Die Versicherergemeinschaft f\u00fcr Steuerberater und Wirtschaftspr\u00fcfer<br \/>\nDotzheimer Str. 23<br \/>\n65185 Wiesbaden<br \/>\n&nbsp;<br \/>\n<strong>R\u00e4umlicher Geltungsbereich:<\/strong><br \/>\n1. Deutschland<br \/>\n2. Europ\u00e4isches Ausland, T\u00fcrkei und die Staaten auf dem Gebiet der ehemaligen<br \/>\nSowjetunion einschlie\u00dflich Litauen, Lettland und Estland.<br \/>\nVersichert sind Haftpflichtanspr\u00fcche,<br \/>\n(1) die vor Gerichten dieser L\u00e4nder geltend gemacht werden sowie<br \/>\n(2) aus der Verletzung oder Nichtbeachtung des Rechts dieser L\u00e4nder.<br \/>\n3. F\u00fcr die zuvor nicht genannten L\u00e4nder<br \/>\n(1) aus betriebswirtschaftlicher Pr\u00fcfungst\u00e4tigkeit, wenn dem Auftrag nur deutsches<br \/>\nRecht zugrunde liegt,<br \/>\n(2) aus der gesch\u00e4ftsm\u00e4\u00dfigen Hilfe in Steuersachen, die das Abgabenrecht von Staaten<br \/>\nbetrifft, die zuvor nicht genannt sind, wenn dem Auftrag nur deutsches Recht zugrunde liegt.<br \/>\nIn beiden F\u00e4llen beschr\u00e4nkt sich die Versicherungsleistung auf die gesetzlich<br \/>\nvorgeschriebene Mindestversicherungssumme<br \/>\n4. Weltweit f\u00fcr Haftpflichtanspr\u00fcche aus T\u00e4tigkeiten, die \u00fcber Niederlassungen,<br \/>\nZweigniederlassungen oder weitere Beratungsstellen im Ausland ausge\u00fcbt werden und<br \/>\nzwar maximal in H\u00f6he der gesetzlich vorgeschriebenen Mindestversicherungssumme.<\/p>\n<p><span style=\"text-decoration: underline;\">Teilnahme an einem Streitbeilegungsverfahren<\/span><br \/>\nDie Kanzlei Wangler GmbH &amp; Co. KG Steuerberatungsgesellschaft nimmt an einem Streitbeilegungsverfahren vor einer Verbraucherschlichtungsstelle im Sinne des Verbraucherstreitbeilegungsgesetzes (VSBG) nicht teil. Wir weisen jedoch darauf hin, dass die M\u00f6glichkeit besteht, bei Streitigkeiten betreffend das Mandatsverh\u00e4ltnis die Steuerberaterkammer Nordbaden gem\u00e4\u00df \u00a7 76 Abs. 2 Nr. 3 StBerG um Vermittlung anzurufen.<\/p>\n<p><span style=\"text-decoration: underline;\">Inhaltlich Verantwortlich:<\/span><br \/>\nBernhard Wangler (Anschrift wie oben)<br \/>\n&nbsp;<br \/>\n<span style=\"text-decoration: underline;\"><a name=\"datenschutz\">Datenschutz<\/a><\/span><br \/>\n<a href=\"\/wp-content\/uploads\/pdf\/Verfahrensverzeichnis.pdf\">Hier<\/a> finden Sie unsere Datenschutzerkl\u00e4rung und unser \u00f6ffentliches Verfahrensverzeichnis nach \u00a7 4e BDSG.<br \/>\n&nbsp;<\/p>\n<p>1. Erhebung und Verarbeitung pers\u00f6nlicher Daten<br \/>\nBei Ihrem Zugriff auf unsere Web-Seiten werden Logb\u00fccher erzeugt, die wir f\u00fcr statistische Zwecke (beispielsweise die Anzahl der Zugriffe) und zur Fehlerverfolgung speichern.<br \/>\nDie Speicherung erfolgt dabei anonymisiert. Weitere Auswertungen der Daten erfolgen nicht ohne Ihre Zustimmung.<br \/>\nDar\u00fcber hinaus werden Ihre pers\u00f6nlichen Daten nur dann gespeichert, wenn Sie uns diese von sich aus, z. B. bei einer Umfrage, angeben.<br \/>\nIhre Daten werden auch nur zu dem auf der jeweiligen Seite angegebenen Zweck verwendet. Wir geben keinerlei personenbezogene Daten an Dritte weiter.<\/p>\n<p>2. Umgang mit E-Mail-Adressen<br \/>\nWenn Sie uns eine E-Mail senden, verwenden wir Ihre E-Mail-Adresse nur f\u00fcr die Korrespondenz mit Ihnen, es erfolgt keine Weitergabe an Dritte.<\/p>\n<p>3. Auskunftsm\u00f6glichkeit<br \/>\nFalls wir Daten zu Ihrer Person gespeichert haben, k\u00f6nnen Sie auf Antrag unentgeltlich Auskunft \u00fcber die zu Ihrer Person gespeicherten Daten erhalten. Bitte informieren Sie uns, wenn wir unrichtige Daten \u00fcber Sie gespeichert haben, damit wir diese berichtigen, sperren oder l\u00f6schen k\u00f6nnen.<\/p>\n<p><a name=\"cookies\">4. Cookies<\/a><br \/>\nUnsere Internetseite verwendet teilweise so genannte Cookies. Cookies richten auf Ihrem Rechner keinen Schaden an und enthalten keine Viren. Cookies dienen dazu, unser Angebot nutzerfreundlicher, effektiver und sicherer zu machen. Cookies sind kleine Textdateien, die auf Ihrem Rechner abgelegt werden und die Ihr Browser speichert.<\/p>\n<p>Die meisten der von uns verwendeten Cookies sind so genannte \u201eSession-Cookies\u201c. Sie werden nach Ende Ihres Besuchs automatisch gel\u00f6scht. Andere Cookies bleiben auf Ihrem Endger\u00e4t gespeichert, bis Sie diese l\u00f6schen. Diese Cookies erm\u00f6glichen es uns, Ihren Browser beim n\u00e4chsten Besuch wiederzuerkennen.<\/p>\n<p>Sie k\u00f6nnen Ihren Browser so einstellen, dass Sie \u00fcber das Setzen von Cookies informiert werden und Cookies nur im Einzelfall erlauben, die Annahme von Cookies f\u00fcr bestimmte F\u00e4lle oder generell ausschlie\u00dfen sowie das automatische L\u00f6schen der Cookies beim Schlie\u00dfen des Browser aktivieren. Bei der Deaktivierung von Cookies kann die Funktionalit\u00e4t dieser Website eingeschr\u00e4nkt sein.<\/p>\n<p>&nbsp;<\/p>\n<p>Fotograf und Videoproduktion Daniel Sturm<br \/>\n<a href=\"https:\/\/www.kopfsalat-medien.de\" target=\"_blank\">https:\/\/www.kopfsalat-medien.de<\/a><\/p>\n","protected":false},"excerpt":{"rendered":"Imprint Kanzlei Wangler GmbH &amp; Co. KG Steuerberatungsgesellschaft Kriegsstra\u00dfe 133 76135 Karlsruhe Telefon: +49 721 98559-0 Telefax: +49 721 98559-50 E-Mail: info@kanzlei-wangler.de Kommanditgesellschaft mit Sitz in Karlsruhe Amtsgericht Mannheim HRA 70212 Umsatzsteuer-ID-Nummer: DE 262969921 Pers\u00f6nlich haftender Gesellschafter: Kanzlei Wangler Verwaltungs GmbH Steuerberatungsgesellschaft mit Sitz in Karlsruhe Amtsgericht Mannheim HRB 705597 Gesch\u00e4ftsf\u00fchrer: Bernhard Wangler, Holger Fessler,&#8230; <a class=\"view-article\" href=\"https:\/\/www.kanzlei-wangler.de\/en\/legal-info\/\">View Article<\/a>","protected":false},"author":1,"featured_media":0,"parent":0,"menu_order":0,"comment_status":"closed","ping_status":"closed","template":"","meta":{"footnotes":""},"yoast_head":"<!-- This site is optimized with the Yoast SEO plugin v19.6.1 - https:\/\/yoast.com\/wordpress\/plugins\/seo\/ -->\n<title>Legal Info - Kanzlei Wangler | Steuerberater Karlsruhe | Steuerberatung | Buchf\u00fchrung | Wirtschaftspr\u00fcfung | betriebswirtschaftliche Beratung | Buchhaltung | Lohnbuchf\u00fchrung<\/title>\n<meta name=\"robots\" content=\"index, follow, max-snippet:-1, max-image-preview:large, max-video-preview:-1\" \/>\n<link rel=\"canonical\" href=\"https:\/\/www.kanzlei-wangler.de\/en\/legal-info\/\" \/>\n<meta property=\"og:locale\" content=\"en_US\" \/>\n<meta property=\"og:type\" content=\"article\" \/>\n<meta property=\"og:title\" content=\"Legal Info - Kanzlei Wangler | Steuerberater Karlsruhe | Steuerberatung | Buchf\u00fchrung | Wirtschaftspr\u00fcfung | betriebswirtschaftliche Beratung | Buchhaltung | Lohnbuchf\u00fchrung\" \/>\n<meta property=\"og:description\" content=\"Imprint Kanzlei Wangler GmbH &amp; Co. KG Steuerberatungsgesellschaft Kriegsstra\u00dfe 133 76135 Karlsruhe Telefon: +49 721 98559-0 Telefax: +49 721 98559-50 E-Mail: info@kanzlei-wangler.de Kommanditgesellschaft mit Sitz in Karlsruhe Amtsgericht Mannheim HRA 70212 Umsatzsteuer-ID-Nummer: DE 262969921 Pers\u00f6nlich haftender Gesellschafter: Kanzlei Wangler Verwaltungs GmbH Steuerberatungsgesellschaft mit Sitz in Karlsruhe Amtsgericht Mannheim HRB 705597 Gesch\u00e4ftsf\u00fchrer: Bernhard Wangler, Holger Fessler,... View Article\" \/>\n<meta property=\"og:url\" content=\"https:\/\/www.kanzlei-wangler.de\/en\/legal-info\/\" \/>\n<meta property=\"og:site_name\" content=\"Kanzlei Wangler | Steuerberater Karlsruhe | Steuerberatung | Buchf\u00fchrung | Wirtschaftspr\u00fcfung | betriebswirtschaftliche Beratung | Buchhaltung | Lohnbuchf\u00fchrung\" \/>\n<meta property=\"article:publisher\" content=\"https:\/\/kanzlei-wangler.de\/page-sitemap.xml\" \/>\n<meta property=\"article:modified_time\" content=\"2019-01-15T09:51:15+00:00\" \/>\n<meta name=\"twitter:card\" content=\"summary\" \/>\n<meta name=\"twitter:label1\" content=\"Est. reading time\" \/>\n\t<meta name=\"twitter:data1\" content=\"4 minutes\" \/>\n<script type=\"application\/ld+json\" class=\"yoast-schema-graph\">{\"@context\":\"https:\/\/schema.org\",\"@graph\":[{\"@type\":\"WebPage\",\"@id\":\"https:\/\/www.kanzlei-wangler.de\/en\/legal-info\/\",\"url\":\"https:\/\/www.kanzlei-wangler.de\/en\/legal-info\/\",\"name\":\"Legal Info - Kanzlei Wangler | Steuerberater Karlsruhe | Steuerberatung | Buchf\u00fchrung | Wirtschaftspr\u00fcfung | betriebswirtschaftliche Beratung | Buchhaltung | Lohnbuchf\u00fchrung\",\"isPartOf\":{\"@id\":\"https:\/\/www.kanzlei-wangler.de\/#website\"},\"datePublished\":\"2015-09-16T23:16:14+00:00\",\"dateModified\":\"2019-01-15T09:51:15+00:00\",\"breadcrumb\":{\"@id\":\"https:\/\/www.kanzlei-wangler.de\/en\/legal-info\/#breadcrumb\"},\"inLanguage\":\"en-US\",\"potentialAction\":[{\"@type\":\"ReadAction\",\"target\":[\"https:\/\/www.kanzlei-wangler.de\/en\/legal-info\/\"]}]},{\"@type\":\"BreadcrumbList\",\"@id\":\"https:\/\/www.kanzlei-wangler.de\/en\/legal-info\/#breadcrumb\",\"itemListElement\":[{\"@type\":\"ListItem\",\"position\":1,\"name\":\"Home\",\"item\":\"https:\/\/www.kanzlei-wangler.de\/en\/\"},{\"@type\":\"ListItem\",\"position\":2,\"name\":\"Legal Info\"}]},{\"@type\":\"WebSite\",\"@id\":\"https:\/\/www.kanzlei-wangler.de\/#website\",\"url\":\"https:\/\/www.kanzlei-wangler.de\/\",\"name\":\"Kanzlei Wangler | Steuerberater Karlsruhe | Steuerberatung | Buchf\u00fchrung | Wirtschaftspr\u00fcfung | betriebswirtschaftliche Beratung | Buchhaltung | Lohnbuchf\u00fchrung\",\"description\":\"Kanzlei Wangler - Ihr Steuerberater in Karlsruhe f\u00fcr Steuerberatung, Buchf\u00fchrung, Wirtschaftspr\u00fcfung, betriebswirtschaftliche Beratung, Buchhaltung und Lohnbuchf\u00fchrung\",\"potentialAction\":[{\"@type\":\"SearchAction\",\"target\":{\"@type\":\"EntryPoint\",\"urlTemplate\":\"https:\/\/www.kanzlei-wangler.de\/?s={search_term_string}\"},\"query-input\":\"required name=search_term_string\"}],\"inLanguage\":\"en-US\"}]}<\/script>\n<!-- \/ Yoast SEO plugin. -->","yoast_head_json":{"title":"Legal Info - Kanzlei Wangler | Steuerberater Karlsruhe | Steuerberatung | Buchf\u00fchrung | Wirtschaftspr\u00fcfung | betriebswirtschaftliche Beratung | Buchhaltung | Lohnbuchf\u00fchrung","robots":{"index":"index","follow":"follow","max-snippet":"max-snippet:-1","max-image-preview":"max-image-preview:large","max-video-preview":"max-video-preview:-1"},"canonical":"https:\/\/www.kanzlei-wangler.de\/en\/legal-info\/","og_locale":"en_US","og_type":"article","og_title":"Legal Info - Kanzlei Wangler | Steuerberater Karlsruhe | Steuerberatung | Buchf\u00fchrung | Wirtschaftspr\u00fcfung | betriebswirtschaftliche Beratung | Buchhaltung | Lohnbuchf\u00fchrung","og_description":"Imprint Kanzlei Wangler GmbH &amp; Co. KG Steuerberatungsgesellschaft Kriegsstra\u00dfe 133 76135 Karlsruhe Telefon: +49 721 98559-0 Telefax: +49 721 98559-50 E-Mail: info@kanzlei-wangler.de Kommanditgesellschaft mit Sitz in Karlsruhe Amtsgericht Mannheim HRA 70212 Umsatzsteuer-ID-Nummer: DE 262969921 Pers\u00f6nlich haftender Gesellschafter: Kanzlei Wangler Verwaltungs GmbH Steuerberatungsgesellschaft mit Sitz in Karlsruhe Amtsgericht Mannheim HRB 705597 Gesch\u00e4ftsf\u00fchrer: Bernhard Wangler, Holger Fessler,... View Article","og_url":"https:\/\/www.kanzlei-wangler.de\/en\/legal-info\/","og_site_name":"Kanzlei Wangler | Steuerberater Karlsruhe | Steuerberatung | Buchf\u00fchrung | Wirtschaftspr\u00fcfung | betriebswirtschaftliche Beratung | Buchhaltung | Lohnbuchf\u00fchrung","article_publisher":"https:\/\/kanzlei-wangler.de\/page-sitemap.xml","article_modified_time":"2019-01-15T09:51:15+00:00","twitter_card":"summary","twitter_misc":{"Est. reading time":"4 minutes"},"schema":{"@context":"https:\/\/schema.org","@graph":[{"@type":"WebPage","@id":"https:\/\/www.kanzlei-wangler.de\/en\/legal-info\/","url":"https:\/\/www.kanzlei-wangler.de\/en\/legal-info\/","name":"Legal Info - Kanzlei Wangler | Steuerberater Karlsruhe | Steuerberatung | Buchf\u00fchrung | Wirtschaftspr\u00fcfung | betriebswirtschaftliche Beratung | Buchhaltung | Lohnbuchf\u00fchrung","isPartOf":{"@id":"https:\/\/www.kanzlei-wangler.de\/#website"},"datePublished":"2015-09-16T23:16:14+00:00","dateModified":"2019-01-15T09:51:15+00:00","breadcrumb":{"@id":"https:\/\/www.kanzlei-wangler.de\/en\/legal-info\/#breadcrumb"},"inLanguage":"en-US","potentialAction":[{"@type":"ReadAction","target":["https:\/\/www.kanzlei-wangler.de\/en\/legal-info\/"]}]},{"@type":"BreadcrumbList","@id":"https:\/\/www.kanzlei-wangler.de\/en\/legal-info\/#breadcrumb","itemListElement":[{"@type":"ListItem","position":1,"name":"Home","item":"https:\/\/www.kanzlei-wangler.de\/en\/"},{"@type":"ListItem","position":2,"name":"Legal Info"}]},{"@type":"WebSite","@id":"https:\/\/www.kanzlei-wangler.de\/#website","url":"https:\/\/www.kanzlei-wangler.de\/","name":"Kanzlei Wangler | Steuerberater Karlsruhe | Steuerberatung | Buchf\u00fchrung | Wirtschaftspr\u00fcfung | betriebswirtschaftliche Beratung | Buchhaltung | Lohnbuchf\u00fchrung","description":"Kanzlei Wangler - Ihr Steuerberater in Karlsruhe f\u00fcr Steuerberatung, Buchf\u00fchrung, Wirtschaftspr\u00fcfung, betriebswirtschaftliche Beratung, Buchhaltung und Lohnbuchf\u00fchrung","potentialAction":[{"@type":"SearchAction","target":{"@type":"EntryPoint","urlTemplate":"https:\/\/www.kanzlei-wangler.de\/?s={search_term_string}"},"query-input":"required name=search_term_string"}],"inLanguage":"en-US"}]}},"_links":{"self":[{"href":"https:\/\/www.kanzlei-wangler.de\/en\/wp-json\/wp\/v2\/pages\/323"}],"collection":[{"href":"https:\/\/www.kanzlei-wangler.de\/en\/wp-json\/wp\/v2\/pages"}],"about":[{"href":"https:\/\/www.kanzlei-wangler.de\/en\/wp-json\/wp\/v2\/types\/page"}],"author":[{"embeddable":true,"href":"https:\/\/www.kanzlei-wangler.de\/en\/wp-json\/wp\/v2\/users\/1"}],"replies":[{"embeddable":true,"href":"https:\/\/www.kanzlei-wangler.de\/en\/wp-json\/wp\/v2\/comments?post=323"}],"version-history":[{"count":5,"href":"https:\/\/www.kanzlei-wangler.de\/en\/wp-json\/wp\/v2\/pages\/323\/revisions"}],"predecessor-version":[{"id":2023,"href":"https:\/\/www.kanzlei-wangler.de\/en\/wp-json\/wp\/v2\/pages\/323\/revisions\/2023"}],"wp:attachment":[{"href":"https:\/\/www.kanzlei-wangler.de\/en\/wp-json\/wp\/v2\/media?parent=323"}],"curies":[{"name":"wp","href":"https:\/\/api.w.org\/{rel}","templated":true}]}}