{"id":257,"date":"2015-08-05T02:13:10","date_gmt":"2015-08-05T00:13:10","guid":{"rendered":"http:\/\/wp.kanzlei-wangler.com\/en\/?page_id=257"},"modified":"2015-11-13T09:38:54","modified_gmt":"2015-11-13T08:38:54","slug":"doing-business-guides","status":"publish","type":"page","link":"https:\/\/www.kanzlei-wangler.de\/en\/doing-business-guides\/","title":{"rendered":"Doing Business Guides"},"content":{"rendered":"<p>Doing business around the world presents a variety of challenges. Morison International (MI), has begun publishing a series of Doing Business Guides. The guides are written by the MI member firm in the country that is being profiled and provide an introduction to foreign investors on the various aspects of doing business. Please click below for the corresponding country:<\/p>\n<p>&nbsp;<\/p>\n<p><a href=\"\/wp-content\/uploads\/businessguides\/Doing-Business-in-Abu-Dhabi.pdf\" target=\"_blank\">Abu Dhabi<\/a><br \/>\n<a href=\"\/wp-content\/uploads\/businessguides\/Doing-Business-in-Argentina.pdf\" target=\"_blank\">Argentina<\/a><br \/>\n<a href=\"\/wp-content\/uploads\/businessguides\/Doing-Business-in-Australia.pdf\" target=\"_blank\">Australia<\/a><br \/>\n<a href=\"\/wp-content\/uploads\/businessguides\/Doing-Business-in-Belgium.pdf\" target=\"_blank\">Belgium<\/a><br \/>\n<a href=\"\/wp-content\/uploads\/businessguides\/Doing-Business-in-Brazil.pdf\" target=\"_blank\">Brazil<\/a><br \/>\n<a href=\"\/wp-content\/uploads\/businessguides\/Doing-Business-in-China.pdf\" target=\"_blank\">China<\/a><br \/>\n<a href=\"\/wp-content\/uploads\/businessguides\/Doing-Business-in-Costa-Rica.pdf\" target=\"_blank\">Costa Rica<\/a><br \/>\n<a href=\"\/wp-content\/uploads\/businessguides\/Doing-Business-in-Cyprus.pdf\" target=\"_blank\">Cyprus<\/a><br \/>\n<a href=\"\/wp-content\/uploads\/businessguides\/Doing-Business-in-Denmark.pdf\" target=\"_blank\">Denmark<\/a><br \/>\n<a href=\"\/wp-content\/uploads\/businessguides\/Doing-Business-in-Dubai.pdf\" target=\"_blank\">Dubai<\/a><br \/>\n<a href=\"\/wp-content\/uploads\/businessguides\/Doing-Business-in-Germany.pdf\" target=\"_blank\">Germany<\/a><br \/>\n<a href=\"\/wp-content\/uploads\/businessguides\/Doing-Business-in-Honduras.pdf\" target=\"_blank\">Honduras<\/a><br \/>\n<a href=\"\/wp-content\/uploads\/businessguides\/Doing-Business-in-India.pdf\" target=\"_blank\">India<\/a><br \/>\n<a href=\"\/wp-content\/uploads\/businessguides\/Doing-Business-in-Indonesia.pdf\" target=\"_blank\">Indonesia<\/a><br \/>\n<a href=\"\/wp-content\/uploads\/businessguides\/Doing-Business-in-Ireland.pdf\" target=\"_blank\">Ireland<\/a><br \/>\n<a href=\"\/wp-content\/uploads\/businessguides\/Doing-Business-in-Italy.pdf\" target=\"_blank\">Italy<\/a><br \/>\n<a href=\"\/wp-content\/uploads\/businessguides\/Doing-Business-in-Malaysia.pdf\" target=\"_blank\">Malaysia<\/a><br \/>\n<a href=\"\/wp-content\/uploads\/businessguides\/Doing-Business-in-Mauritius.pdf\" target=\"_blank\">Mauritius<\/a><br \/>\n<a href=\"\/wp-content\/uploads\/businessguides\/Doing-Business-in-New-Zealand.pdf\" target=\"_blank\">New Zealand<\/a><br \/>\n<a href=\"\/wp-content\/uploads\/businessguides\/Doing-Business-in-Nigeria.pdf\" target=\"_blank\">Nigeria<\/a><br \/>\n<a href=\"\/wp-content\/uploads\/businessguides\/Doing-Business-in-Pakistan.pdf\" target=\"_blank\">Pakistan<\/a><br \/>\n<a href=\"\/wp-content\/uploads\/businessguides\/Doing-Business-in-Panama.pdf\" target=\"_blank\">Panama<\/a><br \/>\n<a href=\"\/wp-content\/uploads\/businessguides\/Doing-Business-in-Qatar.pdf\" target=\"_blank\">Qatar<\/a><br \/>\n<a href=\"\/wp-content\/uploads\/businessguides\/Doing-Business-in-Romania.pdf\" target=\"_blank\">Romania<\/a><br \/>\n<a href=\"\/wp-content\/uploads\/businessguides\/Doing-Business-in-Russia.pdf\" target=\"_blank\">Russia<\/a><br \/>\n<a href=\"\/wp-content\/uploads\/businessguides\/Doing-Business-in-Singapore.pdf\" target=\"_blank\">Singapore<\/a><br \/>\n<a href=\"\/wp-content\/uploads\/businessguides\/Doing-Business-in-South-Africa.pdf\" target=\"_blank\">South Africa<\/a><br \/>\n<a href=\"\/wp-content\/uploads\/businessguides\/Doing-Business-in-Spain.pdf\" target=\"_blank\">Spain<\/a><br \/>\n<a href=\"\/wp-content\/uploads\/businessguides\/Doing-Business-in-Thailand.pdf\" target=\"_blank\">Thailand<\/a><br \/>\n<a href=\"\/wp-content\/uploads\/businessguides\/Doing-Business-in-the-Netherlands.pdf\" target=\"_blank\">The Netherlands<\/a><br \/>\n<a href=\"\/wp-content\/uploads\/businessguides\/Doing-Business-in-the-Philippines.pdf\" target=\"_blank\">Philippines<\/a><br \/>\n<a href=\"\/wp-content\/uploads\/businessguides\/Doing-Business-in-the-UK.pdf\" target=\"_blank\">United Kingdom<\/a><br \/>\n<a href=\"\/wp-content\/uploads\/businessguides\/Doing-Business-in-the-United-States.pdf\" target=\"_blank\">United States<\/a><br \/>\n<a href=\"\/wp-content\/uploads\/businessguides\/Doing-Business-in-Turkey.pdf\" target=\"_blank\">Turkey<\/a><br \/>\n<a href=\"\/wp-content\/uploads\/businessguides\/Doing-Business-in-Uruguay.pdf\" target=\"_blank\">Uruguay<\/a><\/p>\n","protected":false},"excerpt":{"rendered":"Doing business around the world presents a variety of challenges. Morison International (MI), has begun publishing a series of Doing Business Guides. The guides are written by the MI member firm in the country that is being profiled and provide an introduction to foreign investors on the various aspects of doing business. Please click below&#8230; <a class=\"view-article\" href=\"https:\/\/www.kanzlei-wangler.de\/en\/doing-business-guides\/\">View Article<\/a>","protected":false},"author":1,"featured_media":0,"parent":0,"menu_order":0,"comment_status":"open","ping_status":"open","template":"","meta":{"footnotes":""},"yoast_head":"<!-- This site is optimized with the Yoast SEO plugin v19.6.1 - https:\/\/yoast.com\/wordpress\/plugins\/seo\/ -->\n<title>Doing Business Guides - Kanzlei Wangler | Steuerberater Karlsruhe | Steuerberatung | Buchf\u00fchrung | Wirtschaftspr\u00fcfung | betriebswirtschaftliche Beratung | Buchhaltung | Lohnbuchf\u00fchrung<\/title>\n<meta name=\"robots\" content=\"index, follow, max-snippet:-1, max-image-preview:large, max-video-preview:-1\" \/>\n<link rel=\"canonical\" href=\"https:\/\/www.kanzlei-wangler.de\/en\/doing-business-guides\/\" \/>\n<meta property=\"og:locale\" content=\"en_US\" \/>\n<meta property=\"og:type\" content=\"article\" \/>\n<meta property=\"og:title\" content=\"Doing Business Guides - Kanzlei Wangler | Steuerberater Karlsruhe | Steuerberatung | Buchf\u00fchrung | Wirtschaftspr\u00fcfung | betriebswirtschaftliche Beratung | Buchhaltung | Lohnbuchf\u00fchrung\" \/>\n<meta property=\"og:description\" content=\"Doing business around the world presents a variety of challenges. Morison International (MI), has begun publishing a series of Doing Business Guides. The guides are written by the MI member firm in the country that is being profiled and provide an introduction to foreign investors on the various aspects of doing business. Please click below... View Article\" \/>\n<meta property=\"og:url\" content=\"https:\/\/www.kanzlei-wangler.de\/en\/doing-business-guides\/\" \/>\n<meta property=\"og:site_name\" content=\"Kanzlei Wangler | Steuerberater Karlsruhe | Steuerberatung | Buchf\u00fchrung | Wirtschaftspr\u00fcfung | betriebswirtschaftliche Beratung | Buchhaltung | Lohnbuchf\u00fchrung\" \/>\n<meta property=\"article:publisher\" content=\"https:\/\/kanzlei-wangler.de\/page-sitemap.xml\" \/>\n<meta property=\"article:modified_time\" content=\"2015-11-13T08:38:54+00:00\" \/>\n<meta name=\"twitter:card\" content=\"summary\" \/>\n<meta name=\"twitter:label1\" content=\"Est. reading time\" \/>\n\t<meta name=\"twitter:data1\" content=\"1 minute\" \/>\n<script type=\"application\/ld+json\" class=\"yoast-schema-graph\">{\"@context\":\"https:\/\/schema.org\",\"@graph\":[{\"@type\":\"WebPage\",\"@id\":\"https:\/\/www.kanzlei-wangler.de\/en\/doing-business-guides\/\",\"url\":\"https:\/\/www.kanzlei-wangler.de\/en\/doing-business-guides\/\",\"name\":\"Doing Business Guides - Kanzlei Wangler | Steuerberater Karlsruhe | Steuerberatung | Buchf\u00fchrung | Wirtschaftspr\u00fcfung | betriebswirtschaftliche Beratung | Buchhaltung | Lohnbuchf\u00fchrung\",\"isPartOf\":{\"@id\":\"https:\/\/www.kanzlei-wangler.de\/#website\"},\"datePublished\":\"2015-08-05T00:13:10+00:00\",\"dateModified\":\"2015-11-13T08:38:54+00:00\",\"breadcrumb\":{\"@id\":\"https:\/\/www.kanzlei-wangler.de\/en\/doing-business-guides\/#breadcrumb\"},\"inLanguage\":\"en-US\",\"potentialAction\":[{\"@type\":\"ReadAction\",\"target\":[\"https:\/\/www.kanzlei-wangler.de\/en\/doing-business-guides\/\"]}]},{\"@type\":\"BreadcrumbList\",\"@id\":\"https:\/\/www.kanzlei-wangler.de\/en\/doing-business-guides\/#breadcrumb\",\"itemListElement\":[{\"@type\":\"ListItem\",\"position\":1,\"name\":\"Home\",\"item\":\"https:\/\/www.kanzlei-wangler.de\/en\/\"},{\"@type\":\"ListItem\",\"position\":2,\"name\":\"Doing Business Guides\"}]},{\"@type\":\"WebSite\",\"@id\":\"https:\/\/www.kanzlei-wangler.de\/#website\",\"url\":\"https:\/\/www.kanzlei-wangler.de\/\",\"name\":\"Kanzlei Wangler | Steuerberater Karlsruhe | Steuerberatung | Buchf\u00fchrung | Wirtschaftspr\u00fcfung | betriebswirtschaftliche Beratung | Buchhaltung | Lohnbuchf\u00fchrung\",\"description\":\"Kanzlei Wangler - Ihr Steuerberater in Karlsruhe f\u00fcr Steuerberatung, Buchf\u00fchrung, Wirtschaftspr\u00fcfung, betriebswirtschaftliche Beratung, Buchhaltung und Lohnbuchf\u00fchrung\",\"potentialAction\":[{\"@type\":\"SearchAction\",\"target\":{\"@type\":\"EntryPoint\",\"urlTemplate\":\"https:\/\/www.kanzlei-wangler.de\/?s={search_term_string}\"},\"query-input\":\"required name=search_term_string\"}],\"inLanguage\":\"en-US\"}]}<\/script>\n<!-- \/ Yoast SEO plugin. -->","yoast_head_json":{"title":"Doing Business Guides - Kanzlei Wangler | Steuerberater Karlsruhe | Steuerberatung | Buchf\u00fchrung | Wirtschaftspr\u00fcfung | betriebswirtschaftliche Beratung | Buchhaltung | Lohnbuchf\u00fchrung","robots":{"index":"index","follow":"follow","max-snippet":"max-snippet:-1","max-image-preview":"max-image-preview:large","max-video-preview":"max-video-preview:-1"},"canonical":"https:\/\/www.kanzlei-wangler.de\/en\/doing-business-guides\/","og_locale":"en_US","og_type":"article","og_title":"Doing Business Guides - Kanzlei Wangler | Steuerberater Karlsruhe | Steuerberatung | Buchf\u00fchrung | Wirtschaftspr\u00fcfung | betriebswirtschaftliche Beratung | Buchhaltung | Lohnbuchf\u00fchrung","og_description":"Doing business around the world presents a variety of challenges. Morison International (MI), has begun publishing a series of Doing Business Guides. The guides are written by the MI member firm in the country that is being profiled and provide an introduction to foreign investors on the various aspects of doing business. Please click below... View Article","og_url":"https:\/\/www.kanzlei-wangler.de\/en\/doing-business-guides\/","og_site_name":"Kanzlei Wangler | Steuerberater Karlsruhe | Steuerberatung | Buchf\u00fchrung | Wirtschaftspr\u00fcfung | betriebswirtschaftliche Beratung | Buchhaltung | Lohnbuchf\u00fchrung","article_publisher":"https:\/\/kanzlei-wangler.de\/page-sitemap.xml","article_modified_time":"2015-11-13T08:38:54+00:00","twitter_card":"summary","twitter_misc":{"Est. reading time":"1 minute"},"schema":{"@context":"https:\/\/schema.org","@graph":[{"@type":"WebPage","@id":"https:\/\/www.kanzlei-wangler.de\/en\/doing-business-guides\/","url":"https:\/\/www.kanzlei-wangler.de\/en\/doing-business-guides\/","name":"Doing Business Guides - Kanzlei Wangler | Steuerberater Karlsruhe | Steuerberatung | Buchf\u00fchrung | Wirtschaftspr\u00fcfung | betriebswirtschaftliche Beratung | Buchhaltung | Lohnbuchf\u00fchrung","isPartOf":{"@id":"https:\/\/www.kanzlei-wangler.de\/#website"},"datePublished":"2015-08-05T00:13:10+00:00","dateModified":"2015-11-13T08:38:54+00:00","breadcrumb":{"@id":"https:\/\/www.kanzlei-wangler.de\/en\/doing-business-guides\/#breadcrumb"},"inLanguage":"en-US","potentialAction":[{"@type":"ReadAction","target":["https:\/\/www.kanzlei-wangler.de\/en\/doing-business-guides\/"]}]},{"@type":"BreadcrumbList","@id":"https:\/\/www.kanzlei-wangler.de\/en\/doing-business-guides\/#breadcrumb","itemListElement":[{"@type":"ListItem","position":1,"name":"Home","item":"https:\/\/www.kanzlei-wangler.de\/en\/"},{"@type":"ListItem","position":2,"name":"Doing Business Guides"}]},{"@type":"WebSite","@id":"https:\/\/www.kanzlei-wangler.de\/#website","url":"https:\/\/www.kanzlei-wangler.de\/","name":"Kanzlei Wangler | Steuerberater Karlsruhe | Steuerberatung | Buchf\u00fchrung | Wirtschaftspr\u00fcfung | betriebswirtschaftliche Beratung | Buchhaltung | Lohnbuchf\u00fchrung","description":"Kanzlei Wangler - Ihr Steuerberater in Karlsruhe f\u00fcr Steuerberatung, Buchf\u00fchrung, Wirtschaftspr\u00fcfung, betriebswirtschaftliche Beratung, Buchhaltung und Lohnbuchf\u00fchrung","potentialAction":[{"@type":"SearchAction","target":{"@type":"EntryPoint","urlTemplate":"https:\/\/www.kanzlei-wangler.de\/?s={search_term_string}"},"query-input":"required name=search_term_string"}],"inLanguage":"en-US"}]}},"_links":{"self":[{"href":"https:\/\/www.kanzlei-wangler.de\/en\/wp-json\/wp\/v2\/pages\/257"}],"collection":[{"href":"https:\/\/www.kanzlei-wangler.de\/en\/wp-json\/wp\/v2\/pages"}],"about":[{"href":"https:\/\/www.kanzlei-wangler.de\/en\/wp-json\/wp\/v2\/types\/page"}],"author":[{"embeddable":true,"href":"https:\/\/www.kanzlei-wangler.de\/en\/wp-json\/wp\/v2\/users\/1"}],"replies":[{"embeddable":true,"href":"https:\/\/www.kanzlei-wangler.de\/en\/wp-json\/wp\/v2\/comments?post=257"}],"version-history":[{"count":5,"href":"https:\/\/www.kanzlei-wangler.de\/en\/wp-json\/wp\/v2\/pages\/257\/revisions"}],"predecessor-version":[{"id":1121,"href":"https:\/\/www.kanzlei-wangler.de\/en\/wp-json\/wp\/v2\/pages\/257\/revisions\/1121"}],"wp:attachment":[{"href":"https:\/\/www.kanzlei-wangler.de\/en\/wp-json\/wp\/v2\/media?parent=257"}],"curies":[{"name":"wp","href":"https:\/\/api.w.org\/{rel}","templated":true}]}}