{"id":254,"date":"2015-08-05T02:08:07","date_gmt":"2015-08-05T00:08:07","guid":{"rendered":"http:\/\/wp.kanzlei-wangler.com\/en\/?page_id=254"},"modified":"2015-08-05T02:08:18","modified_gmt":"2015-08-05T00:08:18","slug":"generation-70","status":"publish","type":"page","link":"https:\/\/www.kanzlei-wangler.de\/en\/generation-70\/","title":{"rendered":"Generation 70+"},"content":{"rendered":"<h2>Financial Management for the Generation 70<\/h2>\n<p>We help our clients manage their assets in old age and provide assistance with health insurance refund claims, organizing and handling payments, and with other individual support services. If services fall under the Legal Advice Act and therefore require the presence of a legal advisor, we consult with appropriately qualified professionals.<\/p>\n","protected":false},"excerpt":{"rendered":"Financial Management for the Generation 70 We help our clients manage their assets in old age and provide assistance with health insurance refund claims, organizing and handling payments, and with other individual support services. If services fall under the Legal Advice Act and therefore require the presence of a legal advisor, we consult with appropriately&#8230; <a class=\"view-article\" href=\"https:\/\/www.kanzlei-wangler.de\/en\/generation-70\/\">View Article<\/a>","protected":false},"author":1,"featured_media":0,"parent":0,"menu_order":0,"comment_status":"open","ping_status":"open","template":"","meta":{"footnotes":""},"yoast_head":"<!-- This site is optimized with the Yoast SEO plugin v19.6.1 - https:\/\/yoast.com\/wordpress\/plugins\/seo\/ -->\n<title>Generation 70+ - Kanzlei Wangler | Steuerberater Karlsruhe | Steuerberatung | Buchf\u00fchrung | Wirtschaftspr\u00fcfung | betriebswirtschaftliche Beratung | Buchhaltung | Lohnbuchf\u00fchrung<\/title>\n<meta name=\"robots\" content=\"index, follow, max-snippet:-1, max-image-preview:large, max-video-preview:-1\" \/>\n<link rel=\"canonical\" href=\"https:\/\/www.kanzlei-wangler.de\/en\/generation-70\/\" \/>\n<meta property=\"og:locale\" content=\"en_US\" \/>\n<meta property=\"og:type\" content=\"article\" \/>\n<meta property=\"og:title\" content=\"Generation 70+ - Kanzlei Wangler | Steuerberater Karlsruhe | Steuerberatung | Buchf\u00fchrung | Wirtschaftspr\u00fcfung | betriebswirtschaftliche Beratung | Buchhaltung | Lohnbuchf\u00fchrung\" \/>\n<meta property=\"og:description\" content=\"Financial Management for the Generation 70 We help our clients manage their assets in old age and provide assistance with health insurance refund claims, organizing and handling payments, and with other individual support services. If services fall under the Legal Advice Act and therefore require the presence of a legal advisor, we consult with appropriately... View Article\" \/>\n<meta property=\"og:url\" content=\"https:\/\/www.kanzlei-wangler.de\/en\/generation-70\/\" \/>\n<meta property=\"og:site_name\" content=\"Kanzlei Wangler | Steuerberater Karlsruhe | Steuerberatung | Buchf\u00fchrung | Wirtschaftspr\u00fcfung | betriebswirtschaftliche Beratung | Buchhaltung | Lohnbuchf\u00fchrung\" \/>\n<meta property=\"article:publisher\" content=\"https:\/\/kanzlei-wangler.de\/page-sitemap.xml\" \/>\n<meta property=\"article:modified_time\" content=\"2015-08-05T00:08:18+00:00\" \/>\n<meta name=\"twitter:card\" content=\"summary\" \/>\n<script type=\"application\/ld+json\" class=\"yoast-schema-graph\">{\"@context\":\"https:\/\/schema.org\",\"@graph\":[{\"@type\":\"WebPage\",\"@id\":\"https:\/\/www.kanzlei-wangler.de\/en\/generation-70\/\",\"url\":\"https:\/\/www.kanzlei-wangler.de\/en\/generation-70\/\",\"name\":\"Generation 70+ - Kanzlei Wangler | Steuerberater Karlsruhe | Steuerberatung | Buchf\u00fchrung | Wirtschaftspr\u00fcfung | betriebswirtschaftliche Beratung | Buchhaltung | Lohnbuchf\u00fchrung\",\"isPartOf\":{\"@id\":\"https:\/\/www.kanzlei-wangler.de\/#website\"},\"datePublished\":\"2015-08-05T00:08:07+00:00\",\"dateModified\":\"2015-08-05T00:08:18+00:00\",\"breadcrumb\":{\"@id\":\"https:\/\/www.kanzlei-wangler.de\/en\/generation-70\/#breadcrumb\"},\"inLanguage\":\"en-US\",\"potentialAction\":[{\"@type\":\"ReadAction\",\"target\":[\"https:\/\/www.kanzlei-wangler.de\/en\/generation-70\/\"]}]},{\"@type\":\"BreadcrumbList\",\"@id\":\"https:\/\/www.kanzlei-wangler.de\/en\/generation-70\/#breadcrumb\",\"itemListElement\":[{\"@type\":\"ListItem\",\"position\":1,\"name\":\"Home\",\"item\":\"https:\/\/www.kanzlei-wangler.de\/en\/\"},{\"@type\":\"ListItem\",\"position\":2,\"name\":\"Generation 70+\"}]},{\"@type\":\"WebSite\",\"@id\":\"https:\/\/www.kanzlei-wangler.de\/#website\",\"url\":\"https:\/\/www.kanzlei-wangler.de\/\",\"name\":\"Kanzlei Wangler | Steuerberater Karlsruhe | Steuerberatung | Buchf\u00fchrung | Wirtschaftspr\u00fcfung | betriebswirtschaftliche Beratung | Buchhaltung | Lohnbuchf\u00fchrung\",\"description\":\"Kanzlei Wangler - Ihr Steuerberater in Karlsruhe f\u00fcr Steuerberatung, Buchf\u00fchrung, Wirtschaftspr\u00fcfung, betriebswirtschaftliche Beratung, Buchhaltung und Lohnbuchf\u00fchrung\",\"potentialAction\":[{\"@type\":\"SearchAction\",\"target\":{\"@type\":\"EntryPoint\",\"urlTemplate\":\"https:\/\/www.kanzlei-wangler.de\/?s={search_term_string}\"},\"query-input\":\"required name=search_term_string\"}],\"inLanguage\":\"en-US\"}]}<\/script>\n<!-- \/ Yoast SEO plugin. -->","yoast_head_json":{"title":"Generation 70+ - Kanzlei Wangler | Steuerberater Karlsruhe | Steuerberatung | Buchf\u00fchrung | Wirtschaftspr\u00fcfung | betriebswirtschaftliche Beratung | Buchhaltung | Lohnbuchf\u00fchrung","robots":{"index":"index","follow":"follow","max-snippet":"max-snippet:-1","max-image-preview":"max-image-preview:large","max-video-preview":"max-video-preview:-1"},"canonical":"https:\/\/www.kanzlei-wangler.de\/en\/generation-70\/","og_locale":"en_US","og_type":"article","og_title":"Generation 70+ - Kanzlei Wangler | Steuerberater Karlsruhe | Steuerberatung | Buchf\u00fchrung | Wirtschaftspr\u00fcfung | betriebswirtschaftliche Beratung | Buchhaltung | Lohnbuchf\u00fchrung","og_description":"Financial Management for the Generation 70 We help our clients manage their assets in old age and provide assistance with health insurance refund claims, organizing and handling payments, and with other individual support services. If services fall under the Legal Advice Act and therefore require the presence of a legal advisor, we consult with appropriately... View Article","og_url":"https:\/\/www.kanzlei-wangler.de\/en\/generation-70\/","og_site_name":"Kanzlei Wangler | Steuerberater Karlsruhe | Steuerberatung | Buchf\u00fchrung | Wirtschaftspr\u00fcfung | betriebswirtschaftliche Beratung | Buchhaltung | Lohnbuchf\u00fchrung","article_publisher":"https:\/\/kanzlei-wangler.de\/page-sitemap.xml","article_modified_time":"2015-08-05T00:08:18+00:00","twitter_card":"summary","schema":{"@context":"https:\/\/schema.org","@graph":[{"@type":"WebPage","@id":"https:\/\/www.kanzlei-wangler.de\/en\/generation-70\/","url":"https:\/\/www.kanzlei-wangler.de\/en\/generation-70\/","name":"Generation 70+ - Kanzlei Wangler | Steuerberater Karlsruhe | Steuerberatung | Buchf\u00fchrung | Wirtschaftspr\u00fcfung | betriebswirtschaftliche Beratung | Buchhaltung | Lohnbuchf\u00fchrung","isPartOf":{"@id":"https:\/\/www.kanzlei-wangler.de\/#website"},"datePublished":"2015-08-05T00:08:07+00:00","dateModified":"2015-08-05T00:08:18+00:00","breadcrumb":{"@id":"https:\/\/www.kanzlei-wangler.de\/en\/generation-70\/#breadcrumb"},"inLanguage":"en-US","potentialAction":[{"@type":"ReadAction","target":["https:\/\/www.kanzlei-wangler.de\/en\/generation-70\/"]}]},{"@type":"BreadcrumbList","@id":"https:\/\/www.kanzlei-wangler.de\/en\/generation-70\/#breadcrumb","itemListElement":[{"@type":"ListItem","position":1,"name":"Home","item":"https:\/\/www.kanzlei-wangler.de\/en\/"},{"@type":"ListItem","position":2,"name":"Generation 70+"}]},{"@type":"WebSite","@id":"https:\/\/www.kanzlei-wangler.de\/#website","url":"https:\/\/www.kanzlei-wangler.de\/","name":"Kanzlei Wangler | Steuerberater Karlsruhe | Steuerberatung | Buchf\u00fchrung | Wirtschaftspr\u00fcfung | betriebswirtschaftliche Beratung | Buchhaltung | Lohnbuchf\u00fchrung","description":"Kanzlei Wangler - Ihr Steuerberater in Karlsruhe f\u00fcr Steuerberatung, Buchf\u00fchrung, Wirtschaftspr\u00fcfung, betriebswirtschaftliche Beratung, Buchhaltung und Lohnbuchf\u00fchrung","potentialAction":[{"@type":"SearchAction","target":{"@type":"EntryPoint","urlTemplate":"https:\/\/www.kanzlei-wangler.de\/?s={search_term_string}"},"query-input":"required name=search_term_string"}],"inLanguage":"en-US"}]}},"_links":{"self":[{"href":"https:\/\/www.kanzlei-wangler.de\/en\/wp-json\/wp\/v2\/pages\/254"}],"collection":[{"href":"https:\/\/www.kanzlei-wangler.de\/en\/wp-json\/wp\/v2\/pages"}],"about":[{"href":"https:\/\/www.kanzlei-wangler.de\/en\/wp-json\/wp\/v2\/types\/page"}],"author":[{"embeddable":true,"href":"https:\/\/www.kanzlei-wangler.de\/en\/wp-json\/wp\/v2\/users\/1"}],"replies":[{"embeddable":true,"href":"https:\/\/www.kanzlei-wangler.de\/en\/wp-json\/wp\/v2\/comments?post=254"}],"version-history":[{"count":2,"href":"https:\/\/www.kanzlei-wangler.de\/en\/wp-json\/wp\/v2\/pages\/254\/revisions"}],"predecessor-version":[{"id":949,"href":"https:\/\/www.kanzlei-wangler.de\/en\/wp-json\/wp\/v2\/pages\/254\/revisions\/949"}],"wp:attachment":[{"href":"https:\/\/www.kanzlei-wangler.de\/en\/wp-json\/wp\/v2\/media?parent=254"}],"curies":[{"name":"wp","href":"https:\/\/api.w.org\/{rel}","templated":true}]}}