{"id":250,"date":"2015-08-05T01:42:20","date_gmt":"2015-08-04T23:42:20","guid":{"rendered":"http:\/\/wp.kanzlei-wangler.com\/en\/?page_id=250"},"modified":"2018-10-15T09:04:39","modified_gmt":"2018-10-15T07:04:39","slug":"int-tax-law","status":"publish","type":"page","link":"https:\/\/www.kanzlei-wangler.de\/en\/int-tax-law\/","title":{"rendered":"Int. Tax Law"},"content":{"rendered":"<h2>International Tax Consulting<\/h2>\n<p>We provide services for resident taxpayers with foreign relations as well as for non-resident taxpayers with domestic relations. All our services in this regard are underpinned by our expertise specifically in matters related to the EU and the US. As an independent member of <a href=\"https:\/\/kanzlei-wangler.de\/en\/morison\/\" target=\"_blank\">Morison International<\/a> we can also arrange contact with quality vetted foreign tax consultants\/auditors.<\/p>\n<p>MI has begun publishing a series of Doing Business Guides, you can find them here: <a href=\"https:\/\/kanzlei-wangler.de\/en\/doing-business-guides\/\" target=\"_blank\">Doing Business Guides<\/a><\/p>\n<p>&nbsp;<\/p>\n<h2>MorisonKSi News<\/h2>\n<p>&#8211; <a href=\"https:\/\/www.morisonksi.com\/news\/story\/327\" target=\"_blank\">Morison KSi \u201cgoes social\u201d with the launch of its LinkedIn and Twitter pages<\/a><br \/>\n&#8211; <a href=\"https:\/\/www.morisonksi.com\/news\/story\/325\" target=\"_blank\">Kingston Smith wins at British Accountancy Awards<\/a><br \/>\n&#8211; <a href=\"https:\/\/www.morisonksi.com\/news\/story\/326\" target=\"_blank\">Morison KSi holds a successful Future Leaders Programme in Bangkok<\/a><\/p>\n","protected":false},"excerpt":{"rendered":"International Tax Consulting We provide services for resident taxpayers with foreign relations as well as for non-resident taxpayers with domestic relations. All our services in this regard are underpinned by our expertise specifically in matters related to the EU and the US. As an independent member of Morison International we can also arrange contact with&#8230; <a class=\"view-article\" href=\"https:\/\/www.kanzlei-wangler.de\/en\/int-tax-law\/\">View Article<\/a>","protected":false},"author":1,"featured_media":0,"parent":0,"menu_order":0,"comment_status":"open","ping_status":"open","template":"","meta":{"footnotes":""},"yoast_head":"<!-- This site is optimized with the Yoast SEO plugin v19.6.1 - https:\/\/yoast.com\/wordpress\/plugins\/seo\/ -->\n<title>Int. Tax Law - Kanzlei Wangler | Steuerberater Karlsruhe | Steuerberatung | Buchf\u00fchrung | Wirtschaftspr\u00fcfung | betriebswirtschaftliche Beratung | Buchhaltung | Lohnbuchf\u00fchrung<\/title>\n<meta name=\"robots\" content=\"index, follow, max-snippet:-1, max-image-preview:large, max-video-preview:-1\" \/>\n<link rel=\"canonical\" href=\"https:\/\/www.kanzlei-wangler.de\/en\/int-tax-law\/\" \/>\n<meta property=\"og:locale\" content=\"en_US\" \/>\n<meta property=\"og:type\" content=\"article\" \/>\n<meta property=\"og:title\" content=\"Int. Tax Law - Kanzlei Wangler | Steuerberater Karlsruhe | Steuerberatung | Buchf\u00fchrung | Wirtschaftspr\u00fcfung | betriebswirtschaftliche Beratung | Buchhaltung | Lohnbuchf\u00fchrung\" \/>\n<meta property=\"og:description\" content=\"International Tax Consulting We provide services for resident taxpayers with foreign relations as well as for non-resident taxpayers with domestic relations. All our services in this regard are underpinned by our expertise specifically in matters related to the EU and the US. As an independent member of Morison International we can also arrange contact with... View Article\" \/>\n<meta property=\"og:url\" content=\"https:\/\/www.kanzlei-wangler.de\/en\/int-tax-law\/\" \/>\n<meta property=\"og:site_name\" content=\"Kanzlei Wangler | Steuerberater Karlsruhe | Steuerberatung | Buchf\u00fchrung | Wirtschaftspr\u00fcfung | betriebswirtschaftliche Beratung | Buchhaltung | Lohnbuchf\u00fchrung\" \/>\n<meta property=\"article:publisher\" content=\"https:\/\/kanzlei-wangler.de\/page-sitemap.xml\" \/>\n<meta property=\"article:modified_time\" content=\"2018-10-15T07:04:39+00:00\" \/>\n<meta name=\"twitter:card\" content=\"summary\" \/>\n<meta name=\"twitter:label1\" content=\"Est. reading time\" \/>\n\t<meta name=\"twitter:data1\" content=\"1 minute\" \/>\n<script type=\"application\/ld+json\" class=\"yoast-schema-graph\">{\"@context\":\"https:\/\/schema.org\",\"@graph\":[{\"@type\":\"WebPage\",\"@id\":\"https:\/\/www.kanzlei-wangler.de\/en\/int-tax-law\/\",\"url\":\"https:\/\/www.kanzlei-wangler.de\/en\/int-tax-law\/\",\"name\":\"Int. Tax Law - Kanzlei Wangler | Steuerberater Karlsruhe | Steuerberatung | Buchf\u00fchrung | Wirtschaftspr\u00fcfung | betriebswirtschaftliche Beratung | Buchhaltung | Lohnbuchf\u00fchrung\",\"isPartOf\":{\"@id\":\"https:\/\/www.kanzlei-wangler.de\/#website\"},\"datePublished\":\"2015-08-04T23:42:20+00:00\",\"dateModified\":\"2018-10-15T07:04:39+00:00\",\"breadcrumb\":{\"@id\":\"https:\/\/www.kanzlei-wangler.de\/en\/int-tax-law\/#breadcrumb\"},\"inLanguage\":\"en-US\",\"potentialAction\":[{\"@type\":\"ReadAction\",\"target\":[\"https:\/\/www.kanzlei-wangler.de\/en\/int-tax-law\/\"]}]},{\"@type\":\"BreadcrumbList\",\"@id\":\"https:\/\/www.kanzlei-wangler.de\/en\/int-tax-law\/#breadcrumb\",\"itemListElement\":[{\"@type\":\"ListItem\",\"position\":1,\"name\":\"Home\",\"item\":\"https:\/\/www.kanzlei-wangler.de\/en\/\"},{\"@type\":\"ListItem\",\"position\":2,\"name\":\"Int. Tax Law\"}]},{\"@type\":\"WebSite\",\"@id\":\"https:\/\/www.kanzlei-wangler.de\/#website\",\"url\":\"https:\/\/www.kanzlei-wangler.de\/\",\"name\":\"Kanzlei Wangler | Steuerberater Karlsruhe | Steuerberatung | Buchf\u00fchrung | Wirtschaftspr\u00fcfung | betriebswirtschaftliche Beratung | Buchhaltung | Lohnbuchf\u00fchrung\",\"description\":\"Kanzlei Wangler - Ihr Steuerberater in Karlsruhe f\u00fcr Steuerberatung, Buchf\u00fchrung, Wirtschaftspr\u00fcfung, betriebswirtschaftliche Beratung, Buchhaltung und Lohnbuchf\u00fchrung\",\"potentialAction\":[{\"@type\":\"SearchAction\",\"target\":{\"@type\":\"EntryPoint\",\"urlTemplate\":\"https:\/\/www.kanzlei-wangler.de\/?s={search_term_string}\"},\"query-input\":\"required name=search_term_string\"}],\"inLanguage\":\"en-US\"}]}<\/script>\n<!-- \/ Yoast SEO plugin. -->","yoast_head_json":{"title":"Int. Tax Law - Kanzlei Wangler | Steuerberater Karlsruhe | Steuerberatung | Buchf\u00fchrung | Wirtschaftspr\u00fcfung | betriebswirtschaftliche Beratung | Buchhaltung | Lohnbuchf\u00fchrung","robots":{"index":"index","follow":"follow","max-snippet":"max-snippet:-1","max-image-preview":"max-image-preview:large","max-video-preview":"max-video-preview:-1"},"canonical":"https:\/\/www.kanzlei-wangler.de\/en\/int-tax-law\/","og_locale":"en_US","og_type":"article","og_title":"Int. Tax Law - Kanzlei Wangler | Steuerberater Karlsruhe | Steuerberatung | Buchf\u00fchrung | Wirtschaftspr\u00fcfung | betriebswirtschaftliche Beratung | Buchhaltung | Lohnbuchf\u00fchrung","og_description":"International Tax Consulting We provide services for resident taxpayers with foreign relations as well as for non-resident taxpayers with domestic relations. All our services in this regard are underpinned by our expertise specifically in matters related to the EU and the US. As an independent member of Morison International we can also arrange contact with... View Article","og_url":"https:\/\/www.kanzlei-wangler.de\/en\/int-tax-law\/","og_site_name":"Kanzlei Wangler | Steuerberater Karlsruhe | Steuerberatung | Buchf\u00fchrung | Wirtschaftspr\u00fcfung | betriebswirtschaftliche Beratung | Buchhaltung | Lohnbuchf\u00fchrung","article_publisher":"https:\/\/kanzlei-wangler.de\/page-sitemap.xml","article_modified_time":"2018-10-15T07:04:39+00:00","twitter_card":"summary","twitter_misc":{"Est. reading time":"1 minute"},"schema":{"@context":"https:\/\/schema.org","@graph":[{"@type":"WebPage","@id":"https:\/\/www.kanzlei-wangler.de\/en\/int-tax-law\/","url":"https:\/\/www.kanzlei-wangler.de\/en\/int-tax-law\/","name":"Int. Tax Law - Kanzlei Wangler | Steuerberater Karlsruhe | Steuerberatung | Buchf\u00fchrung | Wirtschaftspr\u00fcfung | betriebswirtschaftliche Beratung | Buchhaltung | Lohnbuchf\u00fchrung","isPartOf":{"@id":"https:\/\/www.kanzlei-wangler.de\/#website"},"datePublished":"2015-08-04T23:42:20+00:00","dateModified":"2018-10-15T07:04:39+00:00","breadcrumb":{"@id":"https:\/\/www.kanzlei-wangler.de\/en\/int-tax-law\/#breadcrumb"},"inLanguage":"en-US","potentialAction":[{"@type":"ReadAction","target":["https:\/\/www.kanzlei-wangler.de\/en\/int-tax-law\/"]}]},{"@type":"BreadcrumbList","@id":"https:\/\/www.kanzlei-wangler.de\/en\/int-tax-law\/#breadcrumb","itemListElement":[{"@type":"ListItem","position":1,"name":"Home","item":"https:\/\/www.kanzlei-wangler.de\/en\/"},{"@type":"ListItem","position":2,"name":"Int. Tax Law"}]},{"@type":"WebSite","@id":"https:\/\/www.kanzlei-wangler.de\/#website","url":"https:\/\/www.kanzlei-wangler.de\/","name":"Kanzlei Wangler | Steuerberater Karlsruhe | Steuerberatung | Buchf\u00fchrung | Wirtschaftspr\u00fcfung | betriebswirtschaftliche Beratung | Buchhaltung | Lohnbuchf\u00fchrung","description":"Kanzlei Wangler - Ihr Steuerberater in Karlsruhe f\u00fcr Steuerberatung, Buchf\u00fchrung, Wirtschaftspr\u00fcfung, betriebswirtschaftliche Beratung, Buchhaltung und Lohnbuchf\u00fchrung","potentialAction":[{"@type":"SearchAction","target":{"@type":"EntryPoint","urlTemplate":"https:\/\/www.kanzlei-wangler.de\/?s={search_term_string}"},"query-input":"required name=search_term_string"}],"inLanguage":"en-US"}]}},"_links":{"self":[{"href":"https:\/\/www.kanzlei-wangler.de\/en\/wp-json\/wp\/v2\/pages\/250"}],"collection":[{"href":"https:\/\/www.kanzlei-wangler.de\/en\/wp-json\/wp\/v2\/pages"}],"about":[{"href":"https:\/\/www.kanzlei-wangler.de\/en\/wp-json\/wp\/v2\/types\/page"}],"author":[{"embeddable":true,"href":"https:\/\/www.kanzlei-wangler.de\/en\/wp-json\/wp\/v2\/users\/1"}],"replies":[{"embeddable":true,"href":"https:\/\/www.kanzlei-wangler.de\/en\/wp-json\/wp\/v2\/comments?post=250"}],"version-history":[{"count":6,"href":"https:\/\/www.kanzlei-wangler.de\/en\/wp-json\/wp\/v2\/pages\/250\/revisions"}],"predecessor-version":[{"id":1964,"href":"https:\/\/www.kanzlei-wangler.de\/en\/wp-json\/wp\/v2\/pages\/250\/revisions\/1964"}],"wp:attachment":[{"href":"https:\/\/www.kanzlei-wangler.de\/en\/wp-json\/wp\/v2\/media?parent=250"}],"curies":[{"name":"wp","href":"https:\/\/api.w.org\/{rel}","templated":true}]}}