{"id":233,"date":"2015-08-05T01:14:58","date_gmt":"2015-08-04T23:14:58","guid":{"rendered":"http:\/\/wp.kanzlei-wangler.com\/en\/?page_id=233"},"modified":"2017-07-19T13:47:46","modified_gmt":"2017-07-19T11:47:46","slug":"memberships","status":"publish","type":"page","link":"https:\/\/www.kanzlei-wangler.de\/en\/memberships\/","title":{"rendered":"Memberships"},"content":{"rendered":"<h2>Integrated Specialist Knowledge<\/h2>\n<p>We want you to sit back and relax while we do the work for you. You are in the best hands with us. This includes the fact that we will liaise with specialists who may complement our own extensive know-how. Our memberships with <a href=\"\/en\/morison\/\">Morison KSi<\/a> and <a href=\"\/en\/beraternetz-karlsruhe\/\">Beraternetz Karlsruhe<\/a> further ensure that we will find the right interdisciplinary solution for you.<\/p>\n","protected":false},"excerpt":{"rendered":"Integrated Specialist Knowledge We want you to sit back and relax while we do the work for you. You are in the best hands with us. This includes the fact that we will liaise with specialists who may complement our own extensive know-how. Our memberships with Morison KSi and Beraternetz Karlsruhe further ensure that we&#8230; <a class=\"view-article\" href=\"https:\/\/www.kanzlei-wangler.de\/en\/memberships\/\">View Article<\/a>","protected":false},"author":1,"featured_media":0,"parent":0,"menu_order":0,"comment_status":"open","ping_status":"open","template":"","meta":{"footnotes":""},"yoast_head":"<!-- This site is optimized with the Yoast SEO plugin v19.6.1 - https:\/\/yoast.com\/wordpress\/plugins\/seo\/ -->\n<title>Memberships - Kanzlei Wangler | Steuerberater Karlsruhe | Steuerberatung | Buchf\u00fchrung | Wirtschaftspr\u00fcfung | betriebswirtschaftliche Beratung | Buchhaltung | Lohnbuchf\u00fchrung<\/title>\n<meta name=\"robots\" content=\"index, follow, max-snippet:-1, max-image-preview:large, max-video-preview:-1\" \/>\n<link rel=\"canonical\" href=\"https:\/\/www.kanzlei-wangler.de\/en\/memberships\/\" \/>\n<meta property=\"og:locale\" content=\"en_US\" \/>\n<meta property=\"og:type\" content=\"article\" \/>\n<meta property=\"og:title\" content=\"Memberships - Kanzlei Wangler | Steuerberater Karlsruhe | Steuerberatung | Buchf\u00fchrung | Wirtschaftspr\u00fcfung | betriebswirtschaftliche Beratung | Buchhaltung | Lohnbuchf\u00fchrung\" \/>\n<meta property=\"og:description\" content=\"Integrated Specialist Knowledge We want you to sit back and relax while we do the work for you. You are in the best hands with us. This includes the fact that we will liaise with specialists who may complement our own extensive know-how. Our memberships with Morison KSi and Beraternetz Karlsruhe further ensure that we... View Article\" \/>\n<meta property=\"og:url\" content=\"https:\/\/www.kanzlei-wangler.de\/en\/memberships\/\" \/>\n<meta property=\"og:site_name\" content=\"Kanzlei Wangler | Steuerberater Karlsruhe | Steuerberatung | Buchf\u00fchrung | Wirtschaftspr\u00fcfung | betriebswirtschaftliche Beratung | Buchhaltung | Lohnbuchf\u00fchrung\" \/>\n<meta property=\"article:publisher\" content=\"https:\/\/kanzlei-wangler.de\/page-sitemap.xml\" \/>\n<meta property=\"article:modified_time\" content=\"2017-07-19T11:47:46+00:00\" \/>\n<meta name=\"twitter:card\" content=\"summary\" \/>\n<script type=\"application\/ld+json\" class=\"yoast-schema-graph\">{\"@context\":\"https:\/\/schema.org\",\"@graph\":[{\"@type\":\"WebPage\",\"@id\":\"https:\/\/www.kanzlei-wangler.de\/en\/memberships\/\",\"url\":\"https:\/\/www.kanzlei-wangler.de\/en\/memberships\/\",\"name\":\"Memberships - Kanzlei Wangler | Steuerberater Karlsruhe | Steuerberatung | Buchf\u00fchrung | Wirtschaftspr\u00fcfung | betriebswirtschaftliche Beratung | Buchhaltung | Lohnbuchf\u00fchrung\",\"isPartOf\":{\"@id\":\"https:\/\/www.kanzlei-wangler.de\/#website\"},\"datePublished\":\"2015-08-04T23:14:58+00:00\",\"dateModified\":\"2017-07-19T11:47:46+00:00\",\"breadcrumb\":{\"@id\":\"https:\/\/www.kanzlei-wangler.de\/en\/memberships\/#breadcrumb\"},\"inLanguage\":\"en-US\",\"potentialAction\":[{\"@type\":\"ReadAction\",\"target\":[\"https:\/\/www.kanzlei-wangler.de\/en\/memberships\/\"]}]},{\"@type\":\"BreadcrumbList\",\"@id\":\"https:\/\/www.kanzlei-wangler.de\/en\/memberships\/#breadcrumb\",\"itemListElement\":[{\"@type\":\"ListItem\",\"position\":1,\"name\":\"Home\",\"item\":\"https:\/\/www.kanzlei-wangler.de\/en\/\"},{\"@type\":\"ListItem\",\"position\":2,\"name\":\"Memberships\"}]},{\"@type\":\"WebSite\",\"@id\":\"https:\/\/www.kanzlei-wangler.de\/#website\",\"url\":\"https:\/\/www.kanzlei-wangler.de\/\",\"name\":\"Kanzlei Wangler | Steuerberater Karlsruhe | Steuerberatung | Buchf\u00fchrung | Wirtschaftspr\u00fcfung | betriebswirtschaftliche Beratung | Buchhaltung | Lohnbuchf\u00fchrung\",\"description\":\"Kanzlei Wangler - Ihr Steuerberater in Karlsruhe f\u00fcr Steuerberatung, Buchf\u00fchrung, Wirtschaftspr\u00fcfung, betriebswirtschaftliche Beratung, Buchhaltung und Lohnbuchf\u00fchrung\",\"potentialAction\":[{\"@type\":\"SearchAction\",\"target\":{\"@type\":\"EntryPoint\",\"urlTemplate\":\"https:\/\/www.kanzlei-wangler.de\/?s={search_term_string}\"},\"query-input\":\"required name=search_term_string\"}],\"inLanguage\":\"en-US\"}]}<\/script>\n<!-- \/ Yoast SEO plugin. -->","yoast_head_json":{"title":"Memberships - Kanzlei Wangler | Steuerberater Karlsruhe | Steuerberatung | Buchf\u00fchrung | Wirtschaftspr\u00fcfung | betriebswirtschaftliche Beratung | Buchhaltung | Lohnbuchf\u00fchrung","robots":{"index":"index","follow":"follow","max-snippet":"max-snippet:-1","max-image-preview":"max-image-preview:large","max-video-preview":"max-video-preview:-1"},"canonical":"https:\/\/www.kanzlei-wangler.de\/en\/memberships\/","og_locale":"en_US","og_type":"article","og_title":"Memberships - Kanzlei Wangler | Steuerberater Karlsruhe | Steuerberatung | Buchf\u00fchrung | Wirtschaftspr\u00fcfung | betriebswirtschaftliche Beratung | Buchhaltung | Lohnbuchf\u00fchrung","og_description":"Integrated Specialist Knowledge We want you to sit back and relax while we do the work for you. You are in the best hands with us. This includes the fact that we will liaise with specialists who may complement our own extensive know-how. Our memberships with Morison KSi and Beraternetz Karlsruhe further ensure that we... View Article","og_url":"https:\/\/www.kanzlei-wangler.de\/en\/memberships\/","og_site_name":"Kanzlei Wangler | Steuerberater Karlsruhe | Steuerberatung | Buchf\u00fchrung | Wirtschaftspr\u00fcfung | betriebswirtschaftliche Beratung | Buchhaltung | Lohnbuchf\u00fchrung","article_publisher":"https:\/\/kanzlei-wangler.de\/page-sitemap.xml","article_modified_time":"2017-07-19T11:47:46+00:00","twitter_card":"summary","schema":{"@context":"https:\/\/schema.org","@graph":[{"@type":"WebPage","@id":"https:\/\/www.kanzlei-wangler.de\/en\/memberships\/","url":"https:\/\/www.kanzlei-wangler.de\/en\/memberships\/","name":"Memberships - Kanzlei Wangler | Steuerberater Karlsruhe | Steuerberatung | Buchf\u00fchrung | Wirtschaftspr\u00fcfung | betriebswirtschaftliche Beratung | Buchhaltung | Lohnbuchf\u00fchrung","isPartOf":{"@id":"https:\/\/www.kanzlei-wangler.de\/#website"},"datePublished":"2015-08-04T23:14:58+00:00","dateModified":"2017-07-19T11:47:46+00:00","breadcrumb":{"@id":"https:\/\/www.kanzlei-wangler.de\/en\/memberships\/#breadcrumb"},"inLanguage":"en-US","potentialAction":[{"@type":"ReadAction","target":["https:\/\/www.kanzlei-wangler.de\/en\/memberships\/"]}]},{"@type":"BreadcrumbList","@id":"https:\/\/www.kanzlei-wangler.de\/en\/memberships\/#breadcrumb","itemListElement":[{"@type":"ListItem","position":1,"name":"Home","item":"https:\/\/www.kanzlei-wangler.de\/en\/"},{"@type":"ListItem","position":2,"name":"Memberships"}]},{"@type":"WebSite","@id":"https:\/\/www.kanzlei-wangler.de\/#website","url":"https:\/\/www.kanzlei-wangler.de\/","name":"Kanzlei Wangler | Steuerberater Karlsruhe | Steuerberatung | Buchf\u00fchrung | Wirtschaftspr\u00fcfung | betriebswirtschaftliche Beratung | Buchhaltung | Lohnbuchf\u00fchrung","description":"Kanzlei Wangler - Ihr Steuerberater in Karlsruhe f\u00fcr Steuerberatung, Buchf\u00fchrung, Wirtschaftspr\u00fcfung, betriebswirtschaftliche Beratung, Buchhaltung und Lohnbuchf\u00fchrung","potentialAction":[{"@type":"SearchAction","target":{"@type":"EntryPoint","urlTemplate":"https:\/\/www.kanzlei-wangler.de\/?s={search_term_string}"},"query-input":"required name=search_term_string"}],"inLanguage":"en-US"}]}},"_links":{"self":[{"href":"https:\/\/www.kanzlei-wangler.de\/en\/wp-json\/wp\/v2\/pages\/233"}],"collection":[{"href":"https:\/\/www.kanzlei-wangler.de\/en\/wp-json\/wp\/v2\/pages"}],"about":[{"href":"https:\/\/www.kanzlei-wangler.de\/en\/wp-json\/wp\/v2\/types\/page"}],"author":[{"embeddable":true,"href":"https:\/\/www.kanzlei-wangler.de\/en\/wp-json\/wp\/v2\/users\/1"}],"replies":[{"embeddable":true,"href":"https:\/\/www.kanzlei-wangler.de\/en\/wp-json\/wp\/v2\/comments?post=233"}],"version-history":[{"count":5,"href":"https:\/\/www.kanzlei-wangler.de\/en\/wp-json\/wp\/v2\/pages\/233\/revisions"}],"predecessor-version":[{"id":1580,"href":"https:\/\/www.kanzlei-wangler.de\/en\/wp-json\/wp\/v2\/pages\/233\/revisions\/1580"}],"wp:attachment":[{"href":"https:\/\/www.kanzlei-wangler.de\/en\/wp-json\/wp\/v2\/media?parent=233"}],"curies":[{"name":"wp","href":"https:\/\/api.w.org\/{rel}","templated":true}]}}