{"id":227,"date":"2015-08-05T01:10:47","date_gmt":"2015-08-04T23:10:47","guid":{"rendered":"http:\/\/wp.kanzlei-wangler.com\/en\/?page_id=227"},"modified":"2015-08-05T01:10:47","modified_gmt":"2015-08-04T23:10:47","slug":"our-clients","status":"publish","type":"page","link":"https:\/\/www.kanzlei-wangler.de\/en\/our-clients\/","title":{"rendered":"Our Clients"},"content":{"rendered":"<h2>Our Clients<\/h2>\n<p>Over the past 30 years, we have worked with a wide variety of people and businesses. Some of them have been with us since their start. Our clients include IT and software companies, Internet companies, mail order businesses, biotechnology companies, manufacturers of analysis systems and scientific equipment, mechanical and other engineers, pharmacists, medical practitioners, management consultants, advertising agencies, non-profit organizations, and many more.<\/p>\n","protected":false},"excerpt":{"rendered":"Our Clients Over the past 30 years, we have worked with a wide variety of people and businesses. Some of them have been with us since their start. Our clients include IT and software companies, Internet companies, mail order businesses, biotechnology companies, manufacturers of analysis systems and scientific equipment, mechanical and other engineers, pharmacists, medical&#8230; <a class=\"view-article\" href=\"https:\/\/www.kanzlei-wangler.de\/en\/our-clients\/\">View Article<\/a>","protected":false},"author":1,"featured_media":0,"parent":0,"menu_order":0,"comment_status":"open","ping_status":"open","template":"","meta":{"footnotes":""},"yoast_head":"<!-- This site is optimized with the Yoast SEO plugin v19.6.1 - https:\/\/yoast.com\/wordpress\/plugins\/seo\/ -->\n<title>Our Clients - Kanzlei Wangler | Steuerberater Karlsruhe | Steuerberatung | Buchf\u00fchrung | Wirtschaftspr\u00fcfung | betriebswirtschaftliche Beratung | Buchhaltung | Lohnbuchf\u00fchrung<\/title>\n<meta name=\"robots\" content=\"index, follow, max-snippet:-1, max-image-preview:large, max-video-preview:-1\" \/>\n<link rel=\"canonical\" href=\"https:\/\/www.kanzlei-wangler.de\/en\/our-clients\/\" \/>\n<meta property=\"og:locale\" content=\"en_US\" \/>\n<meta property=\"og:type\" content=\"article\" \/>\n<meta property=\"og:title\" content=\"Our Clients - Kanzlei Wangler | Steuerberater Karlsruhe | Steuerberatung | Buchf\u00fchrung | Wirtschaftspr\u00fcfung | betriebswirtschaftliche Beratung | Buchhaltung | Lohnbuchf\u00fchrung\" \/>\n<meta property=\"og:description\" content=\"Our Clients Over the past 30 years, we have worked with a wide variety of people and businesses. Some of them have been with us since their start. Our clients include IT and software companies, Internet companies, mail order businesses, biotechnology companies, manufacturers of analysis systems and scientific equipment, mechanical and other engineers, pharmacists, medical... View Article\" \/>\n<meta property=\"og:url\" content=\"https:\/\/www.kanzlei-wangler.de\/en\/our-clients\/\" \/>\n<meta property=\"og:site_name\" content=\"Kanzlei Wangler | Steuerberater Karlsruhe | Steuerberatung | Buchf\u00fchrung | Wirtschaftspr\u00fcfung | betriebswirtschaftliche Beratung | Buchhaltung | Lohnbuchf\u00fchrung\" \/>\n<meta property=\"article:publisher\" content=\"https:\/\/kanzlei-wangler.de\/page-sitemap.xml\" \/>\n<meta name=\"twitter:card\" content=\"summary\" \/>\n<script type=\"application\/ld+json\" class=\"yoast-schema-graph\">{\"@context\":\"https:\/\/schema.org\",\"@graph\":[{\"@type\":\"WebPage\",\"@id\":\"https:\/\/www.kanzlei-wangler.de\/en\/our-clients\/\",\"url\":\"https:\/\/www.kanzlei-wangler.de\/en\/our-clients\/\",\"name\":\"Our Clients - Kanzlei Wangler | Steuerberater Karlsruhe | Steuerberatung | Buchf\u00fchrung | Wirtschaftspr\u00fcfung | betriebswirtschaftliche Beratung | Buchhaltung | Lohnbuchf\u00fchrung\",\"isPartOf\":{\"@id\":\"https:\/\/www.kanzlei-wangler.de\/#website\"},\"datePublished\":\"2015-08-04T23:10:47+00:00\",\"dateModified\":\"2015-08-04T23:10:47+00:00\",\"breadcrumb\":{\"@id\":\"https:\/\/www.kanzlei-wangler.de\/en\/our-clients\/#breadcrumb\"},\"inLanguage\":\"en-US\",\"potentialAction\":[{\"@type\":\"ReadAction\",\"target\":[\"https:\/\/www.kanzlei-wangler.de\/en\/our-clients\/\"]}]},{\"@type\":\"BreadcrumbList\",\"@id\":\"https:\/\/www.kanzlei-wangler.de\/en\/our-clients\/#breadcrumb\",\"itemListElement\":[{\"@type\":\"ListItem\",\"position\":1,\"name\":\"Home\",\"item\":\"https:\/\/www.kanzlei-wangler.de\/en\/\"},{\"@type\":\"ListItem\",\"position\":2,\"name\":\"Our Clients\"}]},{\"@type\":\"WebSite\",\"@id\":\"https:\/\/www.kanzlei-wangler.de\/#website\",\"url\":\"https:\/\/www.kanzlei-wangler.de\/\",\"name\":\"Kanzlei Wangler | Steuerberater Karlsruhe | Steuerberatung | Buchf\u00fchrung | Wirtschaftspr\u00fcfung | betriebswirtschaftliche Beratung | Buchhaltung | Lohnbuchf\u00fchrung\",\"description\":\"Kanzlei Wangler - Ihr Steuerberater in Karlsruhe f\u00fcr Steuerberatung, Buchf\u00fchrung, Wirtschaftspr\u00fcfung, betriebswirtschaftliche Beratung, Buchhaltung und Lohnbuchf\u00fchrung\",\"potentialAction\":[{\"@type\":\"SearchAction\",\"target\":{\"@type\":\"EntryPoint\",\"urlTemplate\":\"https:\/\/www.kanzlei-wangler.de\/?s={search_term_string}\"},\"query-input\":\"required name=search_term_string\"}],\"inLanguage\":\"en-US\"}]}<\/script>\n<!-- \/ Yoast SEO plugin. -->","yoast_head_json":{"title":"Our Clients - Kanzlei Wangler | Steuerberater Karlsruhe | Steuerberatung | Buchf\u00fchrung | Wirtschaftspr\u00fcfung | betriebswirtschaftliche Beratung | Buchhaltung | Lohnbuchf\u00fchrung","robots":{"index":"index","follow":"follow","max-snippet":"max-snippet:-1","max-image-preview":"max-image-preview:large","max-video-preview":"max-video-preview:-1"},"canonical":"https:\/\/www.kanzlei-wangler.de\/en\/our-clients\/","og_locale":"en_US","og_type":"article","og_title":"Our Clients - Kanzlei Wangler | Steuerberater Karlsruhe | Steuerberatung | Buchf\u00fchrung | Wirtschaftspr\u00fcfung | betriebswirtschaftliche Beratung | Buchhaltung | Lohnbuchf\u00fchrung","og_description":"Our Clients Over the past 30 years, we have worked with a wide variety of people and businesses. Some of them have been with us since their start. Our clients include IT and software companies, Internet companies, mail order businesses, biotechnology companies, manufacturers of analysis systems and scientific equipment, mechanical and other engineers, pharmacists, medical... View Article","og_url":"https:\/\/www.kanzlei-wangler.de\/en\/our-clients\/","og_site_name":"Kanzlei Wangler | Steuerberater Karlsruhe | Steuerberatung | Buchf\u00fchrung | Wirtschaftspr\u00fcfung | betriebswirtschaftliche Beratung | Buchhaltung | Lohnbuchf\u00fchrung","article_publisher":"https:\/\/kanzlei-wangler.de\/page-sitemap.xml","twitter_card":"summary","schema":{"@context":"https:\/\/schema.org","@graph":[{"@type":"WebPage","@id":"https:\/\/www.kanzlei-wangler.de\/en\/our-clients\/","url":"https:\/\/www.kanzlei-wangler.de\/en\/our-clients\/","name":"Our Clients - Kanzlei Wangler | Steuerberater Karlsruhe | Steuerberatung | Buchf\u00fchrung | Wirtschaftspr\u00fcfung | betriebswirtschaftliche Beratung | Buchhaltung | Lohnbuchf\u00fchrung","isPartOf":{"@id":"https:\/\/www.kanzlei-wangler.de\/#website"},"datePublished":"2015-08-04T23:10:47+00:00","dateModified":"2015-08-04T23:10:47+00:00","breadcrumb":{"@id":"https:\/\/www.kanzlei-wangler.de\/en\/our-clients\/#breadcrumb"},"inLanguage":"en-US","potentialAction":[{"@type":"ReadAction","target":["https:\/\/www.kanzlei-wangler.de\/en\/our-clients\/"]}]},{"@type":"BreadcrumbList","@id":"https:\/\/www.kanzlei-wangler.de\/en\/our-clients\/#breadcrumb","itemListElement":[{"@type":"ListItem","position":1,"name":"Home","item":"https:\/\/www.kanzlei-wangler.de\/en\/"},{"@type":"ListItem","position":2,"name":"Our Clients"}]},{"@type":"WebSite","@id":"https:\/\/www.kanzlei-wangler.de\/#website","url":"https:\/\/www.kanzlei-wangler.de\/","name":"Kanzlei Wangler | Steuerberater Karlsruhe | Steuerberatung | Buchf\u00fchrung | Wirtschaftspr\u00fcfung | betriebswirtschaftliche Beratung | Buchhaltung | Lohnbuchf\u00fchrung","description":"Kanzlei Wangler - Ihr Steuerberater in Karlsruhe f\u00fcr Steuerberatung, Buchf\u00fchrung, Wirtschaftspr\u00fcfung, betriebswirtschaftliche Beratung, Buchhaltung und Lohnbuchf\u00fchrung","potentialAction":[{"@type":"SearchAction","target":{"@type":"EntryPoint","urlTemplate":"https:\/\/www.kanzlei-wangler.de\/?s={search_term_string}"},"query-input":"required name=search_term_string"}],"inLanguage":"en-US"}]}},"_links":{"self":[{"href":"https:\/\/www.kanzlei-wangler.de\/en\/wp-json\/wp\/v2\/pages\/227"}],"collection":[{"href":"https:\/\/www.kanzlei-wangler.de\/en\/wp-json\/wp\/v2\/pages"}],"about":[{"href":"https:\/\/www.kanzlei-wangler.de\/en\/wp-json\/wp\/v2\/types\/page"}],"author":[{"embeddable":true,"href":"https:\/\/www.kanzlei-wangler.de\/en\/wp-json\/wp\/v2\/users\/1"}],"replies":[{"embeddable":true,"href":"https:\/\/www.kanzlei-wangler.de\/en\/wp-json\/wp\/v2\/comments?post=227"}],"version-history":[{"count":1,"href":"https:\/\/www.kanzlei-wangler.de\/en\/wp-json\/wp\/v2\/pages\/227\/revisions"}],"predecessor-version":[{"id":228,"href":"https:\/\/www.kanzlei-wangler.de\/en\/wp-json\/wp\/v2\/pages\/227\/revisions\/228"}],"wp:attachment":[{"href":"https:\/\/www.kanzlei-wangler.de\/en\/wp-json\/wp\/v2\/media?parent=227"}],"curies":[{"name":"wp","href":"https:\/\/api.w.org\/{rel}","templated":true}]}}